{"id":1121,"date":"2026-04-02T22:21:50","date_gmt":"2026-04-02T20:21:50","guid":{"rendered":"https:\/\/rapa-tech.com\/?page_id=1121"},"modified":"2026-04-16T19:21:54","modified_gmt":"2026-04-16T17:21:54","slug":"amvo-ueberpruefungen-2","status":"publish","type":"page","link":"https:\/\/rapa-tech.com\/en\/amvo-ueberpruefungen-2\/","title":{"rendered":"Update AMVO \u00dcberpr\u00fcfungen"},"content":{"rendered":"<div class=\"wp-block-uagb-container uagb-block-b95e479c alignfull uagb-is-root-container\"><div class=\"uagb-container-inner-blocks-wrap\">\n<figure class=\"wp-block-image aligncenter size-large is-resized\"><img fetchpriority=\"high\" decoding=\"async\" width=\"1024\" height=\"1024\" src=\"https:\/\/rapa-tech.com\/wp-content\/uploads\/2026\/03\/AmVo-icon-1024x1024.png\" alt=\"\" class=\"wp-image-416\" style=\"width:145px;height:auto\" srcset=\"https:\/\/rapa-tech.com\/wp-content\/uploads\/2026\/03\/AmVo-icon-1024x1024.png 1024w, https:\/\/rapa-tech.com\/wp-content\/uploads\/2026\/03\/AmVo-icon-300x300.png 300w, https:\/\/rapa-tech.com\/wp-content\/uploads\/2026\/03\/AmVo-icon-150x150.png 150w, https:\/\/rapa-tech.com\/wp-content\/uploads\/2026\/03\/AmVo-icon-768x768.png 768w, https:\/\/rapa-tech.com\/wp-content\/uploads\/2026\/03\/AmVo-icon-1536x1536.png 1536w, https:\/\/rapa-tech.com\/wp-content\/uploads\/2026\/03\/AmVo-icon-2048x2048.png 2048w\" sizes=\"(max-width: 1024px) 100vw, 1024px\" \/><\/figure>\n<\/div><\/div>\n\n\n\n<div class=\"wp-block-uagb-container uagb-block-5adc9792 alignfull uagb-is-root-container\"><div class=\"uagb-container-inner-blocks-wrap\">\n<h2 class=\"wp-block-heading has-text-align-center\"><strong>AMVO Compliance Checks<\/strong><\/h2>\n<\/div><\/div>\n\n\n\n<div class=\"wp-block-uagb-container uagb-block-e2565085 alignfull uagb-is-root-container\"><div class=\"uagb-container-inner-blocks-wrap\">\n<div class=\"wp-block-uagb-container uagb-block-ceb566ca\">\n<p class=\"has-text-align-center\" style=\"font-size:22px\"><strong>Maschinenpr\u00fcfungen &amp; UVV-Kontrollen\u00a0<br>Rechtssicher \u00b7\u00a0Dokumentiert\u00a0\u00b7 EU-weit<\/strong><br><br><br>Maschinenpr\u00fcfungen gem\u00e4\u00df AM-VO \u00a7\u00a7 8-9,11 DGUV Vorschrift 1, DGUV Regel 100-500, AM-VO und \u00a7 14 BetrSichV \u2013 durchgef\u00fchrt durch bef\u00e4higte Person nach VDI 4068.\u00a0<\/p>\n<\/div>\n<\/div><\/div>\n\n\n\n<hr class=\"wp-block-separator alignfull has-text-color has-ast-global-color-3-color has-alpha-channel-opacity has-ast-global-color-3-background-color has-background is-style-wide\"\/>\n\n\n\n<div class=\"wp-block-uagb-container uagb-block-0e7ecbfd alignfull uagb-is-root-container\"><div class=\"uagb-container-inner-blocks-wrap\">\n<div class=\"wp-block-columns is-layout-flex wp-container-core-columns-is-layout-28f84493 wp-block-columns-is-layout-flex\">\n<div class=\"wp-block-column is-layout-flow wp-block-column-is-layout-flow\">\n<p style=\"font-size:20px\"><strong>\u00a0AM-VO \u00a7\u00a7 8-9, 11 \/UVV \/ DGUV\u00a0<\/strong><\/p>\n\n\n\n<p style=\"font-size:18px\">\u2713 AM-VO \u00a7\u00a7 8-9, 11<br>\u2713 DGUV Vorschrift 1\u00a0<br>\u2713 DGUV Regel 100-500<\/p>\n<\/div>\n\n\n\n<div class=\"wp-block-column is-layout-flow wp-block-column-is-layout-flow\">\n<p style=\"font-size:20px\"><strong>Earthmoving Machinery<\/strong><\/p>\n\n\n\n<p style=\"font-size:18px\">\u2713 AM-VO \u00a7\u00a7 8-9, 11<br>\u2713 DGUV 100-500 Kap. 2.12<br>\u2713 VDI 4068 Blatt 1<\/p>\n<\/div>\n\n\n\n<div class=\"wp-block-column is-layout-flow wp-block-column-is-layout-flow\">\n<p style=\"font-size:20px\"><strong>Aerial Work Platforms<\/strong><\/p>\n\n\n\n<p style=\"font-size:18px\">\u2713 AM-VO \u00a7\u00a7 8-9, 11<br>\u2713 DGUV 100-500 Kap. 2.10<br>\u2713 EN 280<br>\u2713 VDI 4068 Blatt 6<\/p>\n<\/div>\n<\/div>\n<\/div><\/div>\n\n\n\n<div class=\"wp-block-uagb-container uagb-block-61ec469f alignfull uagb-is-root-container\"><div class=\"uagb-container-inner-blocks-wrap\">\n<div class=\"wp-block-columns is-layout-flex wp-container-core-columns-is-layout-28f84493 wp-block-columns-is-layout-flex\">\n<div class=\"wp-block-column is-layout-flow wp-block-column-is-layout-flow\">\n<p style=\"font-size:20px\">&nbsp;<strong>Forklift&nbsp;<\/strong><\/p>\n\n\n\n<p style=\"font-size:18px\">\u2713 AM-VO \u00a7\u00a7 8-9, 11<br>\u2713 DGUV Vorschrift 68\u00a0<br>\u2713 VDI 4068 Blatt 5\u00a0<\/p>\n<\/div>\n\n\n\n<div class=\"wp-block-column is-layout-flow wp-block-column-is-layout-flow\">\n<p style=\"font-size:20px\">&nbsp;<strong>Work Equipment&nbsp;<\/strong><\/p>\n\n\n\n<p style=\"font-size:18px\">\u2713 AM-VO \u00a7\u00a7 8\u20139, 11<br>\u2713 \u00a7 14 BetrSichV\u00a0<\/p>\n<\/div>\n\n\n\n<div class=\"wp-block-column is-layout-flow wp-block-column-is-layout-flow\">\n<p style=\"font-size:20px\">&nbsp;<strong>Inspector&nbsp;<\/strong><\/p>\n\n\n\n<p style=\"font-size:18px\">\u2713 Qualified Person in accordance with VDI 4068<\/p>\n<\/div>\n<\/div>\n<\/div><\/div>\n\n\n\n<hr class=\"wp-block-separator alignfull has-text-color has-ast-global-color-3-color has-alpha-channel-opacity has-ast-global-color-3-background-color has-background is-style-wide\"\/>\n\n\n\n<div class=\"wp-block-uagb-container uagb-block-b31baca7 alignfull uagb-is-root-container\"><div class=\"uagb-container-inner-blocks-wrap\">\n<p style=\"font-size:19px\" class=\"translation-block\">We carry out <strong>legally required machine inspections<\/strong> on<br>\nconstruction machinery, industrial trucks, and aerial work platforms \u2013 <strong>reliable, compliant with standards, and including inspection label<\/strong>.<br><br>\n<em>Inspection performed by a qualified person in accordance with VDI 4068<\/em><\/p>\n\n\n\n<div class=\"wp-block-buttons is-layout-flex wp-block-buttons-is-layout-flex\">\n<div class=\"wp-block-button\"><a class=\"wp-block-button__link wp-element-button\" href=\"https:\/\/rapa-tech.com\/en\/update-amvo-preisliste\/\"><strong>Price List<\/strong><\/a><\/div>\n<\/div>\n<\/div><\/div>\n\n\n\n<hr class=\"wp-block-separator alignfull has-text-color has-ast-global-color-3-color has-alpha-channel-opacity has-ast-global-color-3-background-color has-background is-style-wide\"\/>\n\n\n\n<div class=\"wp-block-uagb-container uagb-block-a9deac87 alignfull uagb-is-root-container\"><div class=\"uagb-container-inner-blocks-wrap\">\n<div class=\"wp-block-uagb-container uagb-block-6cc1cc1b\">\n<div class=\"wp-block-columns is-layout-flex wp-container-core-columns-is-layout-28f84493 wp-block-columns-is-layout-flex\">\n<div class=\"wp-block-column is-layout-flow wp-block-column-is-layout-flow\">\n<p><strong>&nbsp;What We Inspect<\/strong>&nbsp;<\/p>\n\n\n\n<ul class=\"wp-block-list\">\n<li>Construction machinery&nbsp;<\/li>\n\n\n\n<li>Forklifts \/ industrial trucks&nbsp;<\/li>\n\n\n\n<li>Aerial Work Platforms&nbsp;<\/li>\n<\/ul>\n<\/div>\n\n\n\n<div class=\"wp-block-column is-layout-flow wp-block-column-is-layout-flow\">\n<p><strong><\/strong><strong>&nbsp;Applicable Regulations<\/strong>&nbsp;<\/p>\n\n\n\n<ul class=\"wp-block-list\">\n<li>DGUV Regulation 1&nbsp;<\/li>\n\n\n\n<li>DGUV Rule 100-500&nbsp;<\/li>\n\n\n\n<li>AM-VO&nbsp;<\/li>\n\n\n\n<li>\u00a7 14 BetrSichV&nbsp;<\/li>\n<\/ul>\n<\/div>\n\n\n\n<div class=\"wp-block-column is-layout-flow wp-block-column-is-layout-flow\">\n<p><strong><\/strong><strong>&nbsp;Who Performs the Inspection<\/strong>&nbsp;<\/p>\n\n\n\n<ul class=\"wp-block-list\">\n<li>Qualified person&nbsp;<\/li>\n\n\n\n<li>VDI 4068 Part 1 \/ 5 \/ 6&nbsp;<\/li>\n\n\n\n<li>Extensive practical experience&nbsp;<\/li>\n<\/ul>\n<\/div>\n<\/div>\n<\/div>\n<\/div><\/div>\n\n\n\n<hr class=\"wp-block-separator alignfull has-text-color has-ast-global-color-3-color has-alpha-channel-opacity has-ast-global-color-3-background-color has-background is-style-wide\"\/>\n\n\n\n<div class=\"wp-block-uagb-container uagb-block-9966ed56 alignfull uagb-is-root-container\"><div class=\"uagb-container-inner-blocks-wrap\">\n<h2 class=\"wp-block-heading\">Overview of Our Inspection Services<\/h2>\n\n\n\n<div class=\"wp-block-uagb-container uagb-block-07a255c9\">\n<div class=\"wp-block-columns is-layout-flex wp-container-core-columns-is-layout-28f84493 wp-block-columns-is-layout-flex\">\n<div class=\"wp-block-column is-layout-flow wp-block-column-is-layout-flow\">\n<p style=\"font-size:21px\"><strong>AM-VO \u00a7\u00a78-9<\/strong>, 11\u00a0\/\u00a0<strong>UVV \/ DGUV Inspection<\/strong>\u00a0\u00a0<\/p>\n\n\n\n<p style=\"font-size:19px\">Periodic safety inspection in accordance with:&nbsp;<\/p>\n\n\n\n<ul style=\"font-size:19px\" class=\"wp-block-list\">\n<li><strong>AM-VO \u00a7\u00a78-9<\/strong>, 11<\/li>\n\n\n\n<li><strong>DGUV Regulation 1<\/strong>&nbsp;<\/li>\n\n\n\n<li style=\"font-size:19px\"><strong>DGUV Rule 100-500<\/strong>&nbsp;<\/li>\n<\/ul>\n\n\n\n<p style=\"font-size:19px\">Mandatory inspection for all work equipment and machinery.&nbsp;<\/p>\n<\/div>\n\n\n\n<div class=\"wp-block-column is-layout-flow wp-block-column-is-layout-flow\">\n<p style=\"font-size:21px\"><strong>Earthmoving Machinery<\/strong>&nbsp;<\/p>\n\n\n\n<p style=\"font-size:19px\"><em>z. B. Bagger, Radlader, Dumper, Raupen<\/em>&nbsp;<br>DGUV Regel&nbsp;<strong>100-500&nbsp;Kapitel 2.12<\/strong>&nbsp;<br>VDI&nbsp;<strong>4068 Blatt 1<\/strong>&nbsp;<\/p>\n<\/div>\n<\/div>\n<\/div>\n<\/div><\/div>\n\n\n\n<hr class=\"wp-block-separator alignfull has-text-color has-ast-global-color-3-color has-alpha-channel-opacity has-ast-global-color-3-background-color has-background is-style-wide\"\/>\n\n\n\n<div class=\"wp-block-uagb-container uagb-block-6bb0d73d alignfull uagb-is-root-container\"><div class=\"uagb-container-inner-blocks-wrap\">\n<div class=\"wp-block-columns is-layout-flex wp-container-core-columns-is-layout-28f84493 wp-block-columns-is-layout-flex\">\n<div class=\"wp-block-column is-layout-flow wp-block-column-is-layout-flow\">\n<p style=\"font-size:21px\" class=\"translation-block\"><strong>Industrial Trucks \/ Forklifts<\/strong><br><br>\n\u2013 DGUV Regulation <strong>68<\/strong><br>\n\u2013 VDI <strong>4068 Part 5<\/strong><\/p>\n<\/div>\n\n\n\n<div class=\"wp-block-column is-layout-flow wp-block-column-is-layout-flow\">\n<p style=\"font-size:21px\"><strong>Aerial Work Platforms \/ Lifting Platforms<\/strong><\/p>\n\n\n\n<p style=\"font-size:19px\" class=\"translation-block\">\u2013 DGUV Rule <strong>100-500 Chapter 2.10<\/strong><br>\n\u2013 <strong>EN 280<\/strong><br>\n\u2013 VDI <strong>4068 Part 6<\/strong><\/p>\n<\/div>\n<\/div>\n<\/div><\/div>\n\n\n\n<hr class=\"wp-block-separator alignfull has-text-color has-ast-global-color-3-color has-alpha-channel-opacity has-ast-global-color-3-background-color has-background is-style-wide\"\/>\n\n\n\n<div class=\"wp-block-uagb-container uagb-block-7b44d92a alignfull uagb-is-root-container\"><div class=\"uagb-container-inner-blocks-wrap\">\n<div class=\"wp-block-columns is-layout-flex wp-container-core-columns-is-layout-28f84493 wp-block-columns-is-layout-flex\">\n<div class=\"wp-block-column is-layout-flow wp-block-column-is-layout-flow\">\n<p style=\"font-size:21px\"><strong>AM-VO Inspection (Austria)<\/strong><\/p>\n\n\n\n<p style=\"font-size:19px\">\u2013 Work Equipment Regulation\u00a0<strong>AM-VO \u00a7\u00a7 8\u20139<\/strong>, 11<\/p>\n<\/div>\n\n\n\n<div class=\"wp-block-column is-layout-flow wp-block-column-is-layout-flow\">\n<p style=\"font-size:21px\"><strong>BetrSichV (Germany)<\/strong>&nbsp;<\/p>\n\n\n\n<p style=\"font-size:19px\" class=\"translation-block\">\u2013 \u00a7 14 BetrSichV<br>\n\u2013 German Industrial Safety Regulation (BetrSichV)<br><br><\/p>\n<\/div>\n<\/div>\n<\/div><\/div>\n\n\n\n<div class=\"wp-block-uagb-container uagb-block-f7b42b01 alignfull uagb-is-root-container\"><div class=\"uagb-container-inner-blocks-wrap\">\n<div class=\"wp-block-columns is-layout-flex wp-container-core-columns-is-layout-28f84493 wp-block-columns-is-layout-flex\">\n<div class=\"wp-block-column is-layout-flow wp-block-column-is-layout-flow\">\n<p style=\"font-size:21px\" class=\"translation-block\"><strong>Scope of Inspection<\/strong> \u2013 What is included in the inspection?<\/p>\n\n\n\n<p style=\"font-size:18px\" class=\"translation-block\">\u2713 Visual inspection<br>\n\u2713 Functional testing<br>\n\u2713 Safety inspection<br>\n\u2713 Inspection of safety devices<br>\n\u2713 Verification according to manufacturer specifications<br>\n\u2713 Inspection report<br>\n\u2713 Inspection label<\/p>\n<\/div>\n\n\n\n<div class=\"wp-block-column is-layout-flow wp-block-column-is-layout-flow\">\n<p style=\"font-size:21px\"><strong>Area of Operation<\/strong>&nbsp;\u2013 Our Area of Operation&nbsp;<\/p>\n\n\n\n<p style=\"font-size:18px\" class=\"translation-block\">\u2713 Construction sites<br>\n\u2713 Construction companies &amp; rental providers<br>\n\u2713 Tunnel construction &amp; large-scale projects<br>\n\u2713 Industry &amp; municipalities<br>\n\u2713 <strong>Available throughout the EU<\/strong><\/p>\n<\/div>\n<\/div>\n<\/div><\/div>\n\n\n\n<div class=\"wp-block-uagb-container uagb-block-4f879893 alignfull uagb-is-root-container\"><div class=\"uagb-container-inner-blocks-wrap\">\n<h3 class=\"wp-block-heading\" style=\"font-size:22px\"><strong>Our Recognized Qualifications and Certifications<\/strong><\/h3>\n\n\n\n<p style=\"font-size:19px\" class=\"translation-block\"><strong>Qualified Person for the Inspection of Industrial Trucks<\/strong><br>\n\u2713 In accordance with VDI 4068 Part 5<br>\n\u2713 Proof of training and professional qualification for UVV\/DGUV inspections<br>\n\u2713 Valid with regular inspection activity<br><br><br>\n\n<strong>Qualified Person for the Inspection of Earthmoving Machinery<\/strong><br>\n\u2713 In accordance with VDI 4068 Part 1<br>\n\u2713 In accordance with DGUV Rule 100-500 Chapter 2.12 Qualification Feature QMC \u2013 Category C<br>\n\u2713 Valid through ongoing inspection activity<br><br><br>\n\n<strong>Qualified Person for the Inspection of Lifting Platforms and Aerial Work Platforms<\/strong><br>\n\u2713 In accordance with VDI 4068 Part 6<br>\n\u2713 Trained in accordance with DGUV regulations<br>\n\u2713 Authorized to carry out annual UVV\/DGUV inspections<\/p>\n<\/div><\/div>\n\n\n\n<hr class=\"wp-block-separator alignfull has-text-color has-ast-global-color-3-color has-alpha-channel-opacity has-ast-global-color-3-background-color has-background is-style-wide\"\/>\n\n\n\n<div class=\"wp-block-uagb-container uagb-block-7c6cbecd alignfull uagb-is-root-container\"><div class=\"uagb-container-inner-blocks-wrap\">\n<h2 class=\"wp-block-heading\" style=\"font-size:38px\">Frequently Asked Questions<\/h2>\n<\/div><\/div>\n\n\n\n<div class=\"wp-block-uagb-container uagb-block-b4122f64 alignfull uagb-is-root-container\"><div class=\"uagb-container-inner-blocks-wrap\">\n<div data-wp-context=\"{ &quot;autoclose&quot;: false, &quot;accordionItems&quot;: [] }\" data-wp-interactive=\"core\/accordion\" role=\"group\" class=\"wp-block-accordion is-layout-flow wp-block-accordion-is-layout-flow\">\n<div data-wp-class--is-open=\"state.isOpen\" data-wp-context=\"{ &quot;id&quot;: &quot;accordion-item-1&quot;, &quot;openByDefault&quot;: false }\" data-wp-init=\"callbacks.initAccordionItems\" data-wp-on-window--hashchange=\"callbacks.hashChange\" class=\"wp-block-accordion-item is-layout-flow wp-block-accordion-item-is-layout-flow\">\n<h3 class=\"wp-block-accordion-heading\"><button aria-expanded=\"false\" aria-controls=\"accordion-item-1-panel\" data-wp-bind--aria-expanded=\"state.isOpen\" data-wp-on--click=\"actions.toggle\" data-wp-on--keydown=\"actions.handleKeyDown\" id=\"accordion-item-1\" type=\"button\" class=\"wp-block-accordion-heading__toggle\"><span class=\"wp-block-accordion-heading__toggle-title\">Which equipment and machines do we inspect?<\/span><span class=\"wp-block-accordion-heading__toggle-icon\" aria-hidden=\"true\">+<\/span><\/button><\/h3>\n\n\n\n<div inert aria-labelledby=\"accordion-item-1\" data-wp-bind--inert=\"!state.isOpen\" id=\"accordion-item-1-panel\" role=\"region\" class=\"wp-block-accordion-panel is-layout-flow wp-block-accordion-panel-is-layout-flow\">\n<p style=\"font-size:19px\" class=\"translation-block\">\u2713 Industrial trucks \/ forklifts<br>\n\u2713 Earthmoving machinery<br>\n\u2713 Lifting platforms and aerial work platforms<br>\n\u2713 Excavators (mini, wheeled, crawler excavators)<br>\n\u2713 Wheel loaders \/ skid steer loaders<br>\n\u2713 Bulldozers (dozers)<br>\n\u2713 Rollers (depending on design)<br>\n\u2713 Dumpers \/ dump trucks<br>\n\u2713 Graders<br>\n\u2713 Telescopic handlers <em>when operated as construction machinery<\/em><br>\n\u2713 Crawler tractors<br>\n\u2713 Compaction equipment (depending on design)<\/p>\n<\/div>\n<\/div>\n<\/div>\n<\/div><\/div>\n\n\n\n<div class=\"wp-block-uagb-container uagb-block-b6da792f alignfull uagb-is-root-container\"><div class=\"uagb-container-inner-blocks-wrap\">\n<div data-wp-context=\"{ &quot;autoclose&quot;: false, &quot;accordionItems&quot;: [] }\" data-wp-interactive=\"core\/accordion\" role=\"group\" class=\"wp-block-accordion is-layout-flow wp-block-accordion-is-layout-flow\">\n<div data-wp-class--is-open=\"state.isOpen\" data-wp-context=\"{ &quot;id&quot;: &quot;accordion-item-2&quot;, &quot;openByDefault&quot;: false }\" data-wp-init=\"callbacks.initAccordionItems\" data-wp-on-window--hashchange=\"callbacks.hashChange\" class=\"wp-block-accordion-item is-layout-flow wp-block-accordion-item-is-layout-flow\">\n<h3 class=\"wp-block-accordion-heading\"><button aria-expanded=\"false\" aria-controls=\"accordion-item-2-panel\" data-wp-bind--aria-expanded=\"state.isOpen\" data-wp-on--click=\"actions.toggle\" data-wp-on--keydown=\"actions.handleKeyDown\" id=\"accordion-item-2\" type=\"button\" class=\"wp-block-accordion-heading__toggle\"><span class=\"wp-block-accordion-heading__toggle-title\"><strong>What types of inspections do we carry out?<\/strong><\/span><span class=\"wp-block-accordion-heading__toggle-icon\" aria-hidden=\"true\">+<\/span><\/button><\/h3>\n\n\n\n<div inert aria-labelledby=\"accordion-item-2\" data-wp-bind--inert=\"!state.isOpen\" id=\"accordion-item-2-panel\" role=\"region\" class=\"wp-block-accordion-panel is-layout-flow wp-block-accordion-panel-is-layout-flow\">\n<p style=\"font-size:19px\" class=\"translation-block\">\u2713 Annual UVV\/safety inspection \u2013 legally required according to DGUV Rule 100-500<br>\n\u2713 Functional and visual inspections \u2013 e.g. hydraulics, brakes, safety devices<br>\n\u2713 Technical inspection in accordance with operating manuals and standards<br>\n\u2713 Preparation of inspection reports<br>\n\u2713 Application of inspection labels<br>\n\u2713 Inspection services for third-party companies \u2013 also EU-wide<\/p>\n<\/div>\n<\/div>\n<\/div>\n<\/div><\/div>\n\n\n\n<div class=\"wp-block-uagb-container uagb-block-8d64fee7 alignfull uagb-is-root-container\"><div class=\"uagb-container-inner-blocks-wrap\">\n<div data-wp-context=\"{ &quot;autoclose&quot;: false, &quot;accordionItems&quot;: [] }\" data-wp-interactive=\"core\/accordion\" role=\"group\" class=\"wp-block-accordion is-layout-flow wp-block-accordion-is-layout-flow\">\n<div data-wp-class--is-open=\"state.isOpen\" data-wp-context=\"{ &quot;id&quot;: &quot;accordion-item-3&quot;, &quot;openByDefault&quot;: false }\" data-wp-init=\"callbacks.initAccordionItems\" data-wp-on-window--hashchange=\"callbacks.hashChange\" class=\"wp-block-accordion-item is-layout-flow wp-block-accordion-item-is-layout-flow\">\n<h3 class=\"wp-block-accordion-heading\"><button aria-expanded=\"false\" aria-controls=\"accordion-item-3-panel\" data-wp-bind--aria-expanded=\"state.isOpen\" data-wp-on--click=\"actions.toggle\" data-wp-on--keydown=\"actions.handleKeyDown\" id=\"accordion-item-3\" type=\"button\" class=\"wp-block-accordion-heading__toggle\"><span class=\"wp-block-accordion-heading__toggle-title\">What additional qualifications do we have?<\/span><span class=\"wp-block-accordion-heading__toggle-icon\" aria-hidden=\"true\">+<\/span><\/button><\/h3>\n\n\n\n<div inert aria-labelledby=\"accordion-item-3\" data-wp-bind--inert=\"!state.isOpen\" id=\"accordion-item-3-panel\" role=\"region\" class=\"wp-block-accordion-panel is-layout-flow wp-block-accordion-panel-is-layout-flow\">\n<p style=\"font-size:19px\" class=\"translation-block\">\u2713 Risk assessment for earthmoving machinery<br>\n\u2713 Determination of operational safety<br>\n\u2713 Identification of defects and hazards<br>\n\u2713 Approval or decommissioning of machines<br>\n\u2713 Documentation in accordance with legal requirements<\/p>\n<\/div>\n<\/div>\n<\/div>\n<\/div><\/div>\n\n\n\n<div class=\"wp-block-uagb-container uagb-block-b9f94f13 alignfull uagb-is-root-container\"><div class=\"uagb-container-inner-blocks-wrap\">\n<div data-wp-context=\"{ &quot;autoclose&quot;: false, &quot;accordionItems&quot;: [] }\" data-wp-interactive=\"core\/accordion\" role=\"group\" class=\"wp-block-accordion is-layout-flow wp-block-accordion-is-layout-flow\">\n<div data-wp-class--is-open=\"state.isOpen\" data-wp-context=\"{ &quot;id&quot;: &quot;accordion-item-4&quot;, &quot;openByDefault&quot;: false }\" data-wp-init=\"callbacks.initAccordionItems\" data-wp-on-window--hashchange=\"callbacks.hashChange\" class=\"wp-block-accordion-item is-layout-flow wp-block-accordion-item-is-layout-flow\">\n<h3 class=\"wp-block-accordion-heading\"><button aria-expanded=\"false\" aria-controls=\"accordion-item-4-panel\" data-wp-bind--aria-expanded=\"state.isOpen\" data-wp-on--click=\"actions.toggle\" data-wp-on--keydown=\"actions.handleKeyDown\" id=\"accordion-item-4\" type=\"button\" class=\"wp-block-accordion-heading__toggle\"><span class=\"wp-block-accordion-heading__toggle-title\"><strong>According to which regulations are our inspections carried out?<\/strong><\/span><span class=\"wp-block-accordion-heading__toggle-icon\" aria-hidden=\"true\">+<\/span><\/button><\/h3>\n\n\n\n<div inert aria-labelledby=\"accordion-item-4\" data-wp-bind--inert=\"!state.isOpen\" id=\"accordion-item-4-panel\" role=\"region\" class=\"wp-block-accordion-panel is-layout-flow wp-block-accordion-panel-is-layout-flow\">\n<p style=\"font-size:19px\" class=\"translation-block\">\u2713 German Industrial Safety Regulation (BetrSichV)<br>\n\u2713 DGUV regulations (formerly BGR\/BGV)<br>\n\u2713 VDI 4068 guidelines<br>\n\u2713 Manufacturer specifications and Machinery Directive 2006\/42\/EC<\/p>\n<\/div>\n<\/div>\n<\/div>\n<\/div><\/div>\n\n\n\n<hr class=\"wp-block-separator alignfull has-text-color has-ast-global-color-3-color has-alpha-channel-opacity has-ast-global-color-3-background-color has-background is-style-wide\"\/>","protected":false},"excerpt":{"rendered":"<p>AMVO \u00dcberpr\u00fcfungen Maschinenpr\u00fcfungen &amp; UVV-Kontrollen\u00a0Rechtssicher \u00b7\u00a0Dokumentiert\u00a0\u00b7 EU-weit Maschinenpr\u00fcfungen gem\u00e4\u00df AM-VO \u00a7\u00a7 8-9,11 DGUV Vorschrift 1, DGUV Regel 100-500, AM-VO und [&hellip;]<\/p>\n","protected":false},"author":1,"featured_media":0,"parent":0,"menu_order":0,"comment_status":"closed","ping_status":"closed","template":"","meta":{"_uag_custom_page_level_css":"","site-sidebar-layout":"default","site-content-layout":"","ast-site-content-layout":"default","site-content-style":"default","site-sidebar-style":"default","ast-global-header-display":"","ast-banner-title-visibility":"","ast-main-header-display":"","ast-hfb-above-header-display":"","ast-hfb-below-header-display":"","ast-hfb-mobile-header-display":"","site-post-title":"disabled","ast-breadcrumbs-content":"","ast-featured-img":"","footer-sml-layout":"","ast-disable-related-posts":"","theme-transparent-header-meta":"","adv-header-id-meta":"","stick-header-meta":"","header-above-stick-meta":"","header-main-stick-meta":"","header-below-stick-meta":"","astra-migrate-meta-layouts":"default","ast-page-background-enabled":"default","ast-page-background-meta":{"desktop":{"background-color":"var(--ast-global-color-5)","background-image":"","background-repeat":"repeat","background-position":"center center","background-size":"auto","background-attachment":"scroll","background-type":"","background-media":"","overlay-type":"","overlay-color":"","overlay-opacity":"","overlay-gradient":""},"tablet":{"background-color":"","background-image":"","background-repeat":"repeat","background-position":"center center","background-size":"auto","background-attachment":"scroll","background-type":"","background-media":"","overlay-type":"","overlay-color":"","overlay-opacity":"","overlay-gradient":""},"mobile":{"background-color":"","background-image":"","background-repeat":"repeat","background-position":"center center","background-size":"auto","background-attachment":"scroll","background-type":"","background-media":"","overlay-type":"","overlay-color":"","overlay-opacity":"","overlay-gradient":""}},"ast-content-background-meta":{"desktop":{"background-color":"var(--ast-global-color-4)","background-image":"","background-repeat":"repeat","background-position":"center center","background-size":"auto","background-attachment":"scroll","background-type":"","background-media":"","overlay-type":"","overlay-color":"","overlay-opacity":"","overlay-gradient":""},"tablet":{"background-color":"var(--ast-global-color-4)","background-image":"","background-repeat":"repeat","background-position":"center center","background-size":"auto","background-attachment":"scroll","background-type":"","background-media":"","overlay-type":"","overlay-color":"","overlay-opacity":"","overlay-gradient":""},"mobile":{"background-color":"var(--ast-global-color-4)","background-image":"","background-repeat":"repeat","background-position":"center center","background-size":"auto","background-attachment":"scroll","background-type":"","background-media":"","overlay-type":"","overlay-color":"","overlay-opacity":"","overlay-gradient":""}},"footnotes":""},"class_list":["post-1121","page","type-page","status-publish","hentry"],"uagb_featured_image_src":{"full":false,"thumbnail":false,"medium":false,"medium_large":false,"large":false,"1536x1536":false,"2048x2048":false,"trp-custom-language-flag":false},"uagb_author_info":{"display_name":"rapatech-admin","author_link":"https:\/\/rapa-tech.com\/en\/author\/rapatech-admin\/"},"uagb_comment_info":0,"uagb_excerpt":"AMVO \u00dcberpr\u00fcfungen Maschinenpr\u00fcfungen &amp; UVV-Kontrollen\u00a0Rechtssicher \u00b7\u00a0Dokumentiert\u00a0\u00b7 EU-weit Maschinenpr\u00fcfungen gem\u00e4\u00df AM-VO \u00a7\u00a7 8-9,11 DGUV Vorschrift 1, DGUV Regel 100-500, AM-VO und [&hellip;]","_links":{"self":[{"href":"https:\/\/rapa-tech.com\/en\/wp-json\/wp\/v2\/pages\/1121","targetHints":{"allow":["GET"]}}],"collection":[{"href":"https:\/\/rapa-tech.com\/en\/wp-json\/wp\/v2\/pages"}],"about":[{"href":"https:\/\/rapa-tech.com\/en\/wp-json\/wp\/v2\/types\/page"}],"author":[{"embeddable":true,"href":"https:\/\/rapa-tech.com\/en\/wp-json\/wp\/v2\/users\/1"}],"replies":[{"embeddable":true,"href":"https:\/\/rapa-tech.com\/en\/wp-json\/wp\/v2\/comments?post=1121"}],"version-history":[{"count":9,"href":"https:\/\/rapa-tech.com\/en\/wp-json\/wp\/v2\/pages\/1121\/revisions"}],"predecessor-version":[{"id":1584,"href":"https:\/\/rapa-tech.com\/en\/wp-json\/wp\/v2\/pages\/1121\/revisions\/1584"}],"wp:attachment":[{"href":"https:\/\/rapa-tech.com\/en\/wp-json\/wp\/v2\/media?parent=1121"}],"curies":[{"name":"wp","href":"https:\/\/api.w.org\/{rel}","templated":true}]}}