{"id":1335,"date":"2026-04-05T20:22:15","date_gmt":"2026-04-05T18:22:15","guid":{"rendered":"https:\/\/rapa-tech.com\/?page_id=1335"},"modified":"2026-04-05T21:39:23","modified_gmt":"2026-04-05T19:39:23","slug":"update-basic-technisches-datenblatt","status":"publish","type":"page","link":"https:\/\/rapa-tech.com\/en\/update-basic-technisches-datenblatt\/","title":{"rendered":"Update Basic Technisches Datenblatt"},"content":{"rendered":"<h2 class=\"wp-block-heading translation-block\"><strong>Technical Datasheet<\/strong><br>\nBasic \u2013 Workshop Container (One-Way)<\/h2>\n\n\n\n<div style=\"height:56px\" aria-hidden=\"true\" class=\"wp-block-spacer\"><\/div>\n\n\n\n<div class=\"wp-block-uagb-container uagb-block-bf8abecb alignfull uagb-is-root-container\"><div class=\"uagb-container-inner-blocks-wrap\">\n<p style=\"font-size:22px\" class=\"translation-block\"><strong>\u26a0\ufe0f Important Notice<br><\/strong><br>\nEquipment, brands, quantities, and configuration may vary slightly depending on availability, customer requirements, and technical implementation. The respective offer is binding.<\/p>\n<\/div><\/div>\n\n\n\n<div style=\"height:56px\" aria-hidden=\"true\" class=\"wp-block-spacer\"><\/div>\n\n\n\n<div class=\"wp-block-media-text alignwide has-media-on-the-right is-stacked-on-mobile\" style=\"grid-template-columns:auto 56%\"><div class=\"wp-block-media-text__content\">\n<p style=\"font-size:26px\"><strong>Shelving Systems<\/strong><\/p>\n\n\n\n<p style=\"font-size:20px\" class=\"translation-block\"><strong>Heavy-duty shelving, galvanized:<br><\/strong>\n\u2013 Quantity: 7 units<br>\n\u2013 Width: 1,000 mm<br>\n\u2013 Depth: 500 mm<br>\n\u2013 Height: 2,000 mm<br><br>\n\nShelves, galvanized \u2013 5 per rack<br>\nDimensions: 1,000 \u00d7 500 mm<br>\nLoad capacity: 150 kg per shelf with evenly distributed load<\/p>\n<\/div><figure class=\"wp-block-media-text__media\"><img fetchpriority=\"high\" decoding=\"async\" width=\"1024\" height=\"768\" src=\"https:\/\/rapa-tech.com\/wp-content\/uploads\/2026\/03\/RAPATECH_5-1024x768.jpg\" alt=\"\" class=\"wp-image-751 size-full\" srcset=\"https:\/\/rapa-tech.com\/wp-content\/uploads\/2026\/03\/RAPATECH_5-1024x768.jpg 1024w, https:\/\/rapa-tech.com\/wp-content\/uploads\/2026\/03\/RAPATECH_5-300x225.jpg 300w, https:\/\/rapa-tech.com\/wp-content\/uploads\/2026\/03\/RAPATECH_5-768x576.jpg 768w, https:\/\/rapa-tech.com\/wp-content\/uploads\/2026\/03\/RAPATECH_5.jpg 1200w\" sizes=\"(max-width: 1024px) 100vw, 1024px\" \/><\/figure><\/div>\n\n\n\n<hr class=\"wp-block-separator alignfull has-alpha-channel-opacity is-style-wide\"\/>\n\n\n\n<p style=\"font-size:22px\" class=\"translation-block\"><br><strong>Size Comparison<br>Bins \/ Sorting Boxes (Blue)<\/strong><\/p>\n\n\n\n<figure style=\"font-size:20px\" class=\"wp-block-table\"><table class=\"has-fixed-layout\"><tbody><tr><td><strong>size 1<\/strong><\/td><td><strong>size 2<\/strong><\/td><td><strong>size 3<\/strong><\/td><td><strong>size 4<\/strong><\/td><\/tr><tr><td>72 units<\/td><td>48 units<\/td><td>30 units<\/td><td>12 units<\/td><\/tr><tr><td>165 x 105 x 75 mm<\/td><td>235 x 145 x 125 mm<\/td><td>335 x 205 x 105 mm<\/td><td>480 x 305 x 180 mm<\/td><\/tr><\/tbody><\/table><\/figure>\n\n\n\n<hr class=\"wp-block-separator alignfull has-alpha-channel-opacity is-style-wide\"\/>\n\n\n\n<p><\/p>","protected":false},"excerpt":{"rendered":"<p>Technisches DatenblattBasic \u2013 Werkstattcontainer (One-Way) Wichtiger HinweisAusstattung, Fabrikate, St\u00fcckzahlen und Anordnung k\u00f6nnen je nach Verf\u00fcgbarkeit, Kundenwunsch und technischer Umsetzung geringf\u00fcgig [&hellip;]<\/p>\n","protected":false},"author":1,"featured_media":0,"parent":0,"menu_order":0,"comment_status":"closed","ping_status":"closed","template":"","meta":{"_uag_custom_page_level_css":"","site-sidebar-layout":"default","site-content-layout":"","ast-site-content-layout":"default","site-content-style":"default","site-sidebar-style":"default","ast-global-header-display":"","ast-banner-title-visibility":"","ast-main-header-display":"","ast-hfb-above-header-display":"","ast-hfb-below-header-display":"","ast-hfb-mobile-header-display":"","site-post-title":"disabled","ast-breadcrumbs-content":"","ast-featured-img":"","footer-sml-layout":"","ast-disable-related-posts":"","theme-transparent-header-meta":"","adv-header-id-meta":"","stick-header-meta":"","header-above-stick-meta":"","header-main-stick-meta":"","header-below-stick-meta":"","astra-migrate-meta-layouts":"default","ast-page-background-enabled":"default","ast-page-background-meta":{"desktop":{"background-color":"var(--ast-global-color-5)","background-image":"","background-repeat":"repeat","background-position":"center center","background-size":"auto","background-attachment":"scroll","background-type":"","background-media":"","overlay-type":"","overlay-color":"","overlay-opacity":"","overlay-gradient":""},"tablet":{"background-color":"","background-image":"","background-repeat":"repeat","background-position":"center center","background-size":"auto","background-attachment":"scroll","background-type":"","background-media":"","overlay-type":"","overlay-color":"","overlay-opacity":"","overlay-gradient":""},"mobile":{"background-color":"","background-image":"","background-repeat":"repeat","background-position":"center center","background-size":"auto","background-attachment":"scroll","background-type":"","background-media":"","overlay-type":"","overlay-color":"","overlay-opacity":"","overlay-gradient":""}},"ast-content-background-meta":{"desktop":{"background-color":"var(--ast-global-color-4)","background-image":"","background-repeat":"repeat","background-position":"center center","background-size":"auto","background-attachment":"scroll","background-type":"","background-media":"","overlay-type":"","overlay-color":"","overlay-opacity":"","overlay-gradient":""},"tablet":{"background-color":"var(--ast-global-color-4)","background-image":"","background-repeat":"repeat","background-position":"center center","background-size":"auto","background-attachment":"scroll","background-type":"","background-media":"","overlay-type":"","overlay-color":"","overlay-opacity":"","overlay-gradient":""},"mobile":{"background-color":"var(--ast-global-color-4)","background-image":"","background-repeat":"repeat","background-position":"center center","background-size":"auto","background-attachment":"scroll","background-type":"","background-media":"","overlay-type":"","overlay-color":"","overlay-opacity":"","overlay-gradient":""}},"footnotes":""},"class_list":["post-1335","page","type-page","status-publish","hentry"],"uagb_featured_image_src":{"full":false,"thumbnail":false,"medium":false,"medium_large":false,"large":false,"1536x1536":false,"2048x2048":false,"trp-custom-language-flag":false},"uagb_author_info":{"display_name":"rapatech-admin","author_link":"https:\/\/rapa-tech.com\/en\/author\/rapatech-admin\/"},"uagb_comment_info":0,"uagb_excerpt":"Technisches DatenblattBasic \u2013 Werkstattcontainer (One-Way) Wichtiger HinweisAusstattung, Fabrikate, St\u00fcckzahlen und Anordnung k\u00f6nnen je nach Verf\u00fcgbarkeit, Kundenwunsch und technischer Umsetzung geringf\u00fcgig [&hellip;]","_links":{"self":[{"href":"https:\/\/rapa-tech.com\/en\/wp-json\/wp\/v2\/pages\/1335","targetHints":{"allow":["GET"]}}],"collection":[{"href":"https:\/\/rapa-tech.com\/en\/wp-json\/wp\/v2\/pages"}],"about":[{"href":"https:\/\/rapa-tech.com\/en\/wp-json\/wp\/v2\/types\/page"}],"author":[{"embeddable":true,"href":"https:\/\/rapa-tech.com\/en\/wp-json\/wp\/v2\/users\/1"}],"replies":[{"embeddable":true,"href":"https:\/\/rapa-tech.com\/en\/wp-json\/wp\/v2\/comments?post=1335"}],"version-history":[{"count":4,"href":"https:\/\/rapa-tech.com\/en\/wp-json\/wp\/v2\/pages\/1335\/revisions"}],"predecessor-version":[{"id":1341,"href":"https:\/\/rapa-tech.com\/en\/wp-json\/wp\/v2\/pages\/1335\/revisions\/1341"}],"wp:attachment":[{"href":"https:\/\/rapa-tech.com\/en\/wp-json\/wp\/v2\/media?parent=1335"}],"curies":[{"name":"wp","href":"https:\/\/api.w.org\/{rel}","templated":true}]}}