{"id":1344,"date":"2026-04-05T21:56:32","date_gmt":"2026-04-05T19:56:32","guid":{"rendered":"https:\/\/rapa-tech.com\/?page_id=1344"},"modified":"2026-04-16T18:20:48","modified_gmt":"2026-04-16T16:20:48","slug":"update-profi-werkstattcontainer","status":"publish","type":"page","link":"https:\/\/rapa-tech.com\/en\/update-profi-werkstattcontainer\/","title":{"rendered":"Update Profi Werkstattcontainer"},"content":{"rendered":"<h2 class=\"wp-block-heading translation-block\"><strong>Technical Datasheet<\/strong><br>\nPROFI \u2013 Workshop Container \u2013 Bestseller<\/h2>\n\n\n\n<p style=\"font-size:20px\">For Construction Sites, Installation, and Trades<br><br><\/p>\n\n\n\n<hr class=\"wp-block-separator alignfull has-alpha-channel-opacity is-style-wide\"\/>\n\n\n\n<div class=\"wp-block-uagb-container uagb-block-bf8abecb alignfull uagb-is-root-container\"><div class=\"uagb-container-inner-blocks-wrap\">\n<p style=\"font-size:22px\" class=\"translation-block\"><strong>\u26a0\ufe0f Important Notice<br><\/strong><br>\nEquipment, brands, quantities, and configuration may vary slightly depending on availability, customer requirements, and technical implementation. The respective offer is binding.<\/p>\n<\/div><\/div>\n\n\n\n<hr class=\"wp-block-separator alignfull has-alpha-channel-opacity is-style-wide\"\/>\n\n\n\n<div class=\"wp-block-media-text has-media-on-the-right is-stacked-on-mobile\"><div class=\"wp-block-media-text__content\">\n<p style=\"font-size:26px\"><strong>Shelving Systems<\/strong><\/p>\n\n\n\n<p style=\"font-size:20px\" class=\"translation-block\"><strong>Heavy-duty shelving, galvanized:<br><\/strong>\n\u2013 Quantity: 7 units<br>\n\u2013 Width: 1,000 mm<br>\n\u2013 Depth: 500 mm<br>\n\u2013 Height: 2,000 mm<\/p>\n\n\n\n<p style=\"font-size:20px\" class=\"translation-block\">Shelves, galvanized \u2013 5 per rack<br>\nDimensions: 1,000 \u00d7 500 mm<br>\nLoad capacity: 150 kg per shelf with evenly distributed load<br>\nLoad specification: based on evenly distributed load<\/p>\n<\/div><figure class=\"wp-block-media-text__media\"><img fetchpriority=\"high\" decoding=\"async\" width=\"1024\" height=\"683\" src=\"https:\/\/rapa-tech.com\/wp-content\/uploads\/2026\/04\/DSC_1187-1024x683.jpg\" alt=\"\" class=\"wp-image-1473 size-full\" srcset=\"https:\/\/rapa-tech.com\/wp-content\/uploads\/2026\/04\/DSC_1187-1024x683.jpg 1024w, https:\/\/rapa-tech.com\/wp-content\/uploads\/2026\/04\/DSC_1187-300x200.jpg 300w, https:\/\/rapa-tech.com\/wp-content\/uploads\/2026\/04\/DSC_1187-768x512.jpg 768w, https:\/\/rapa-tech.com\/wp-content\/uploads\/2026\/04\/DSC_1187-1536x1024.jpg 1536w, https:\/\/rapa-tech.com\/wp-content\/uploads\/2026\/04\/DSC_1187-2048x1365.jpg 2048w, https:\/\/rapa-tech.com\/wp-content\/uploads\/2026\/04\/DSC_1187-18x12.jpg 18w\" sizes=\"(max-width: 1024px) 100vw, 1024px\" \/><\/figure><\/div>\n\n\n\n<hr class=\"wp-block-separator alignfull has-alpha-channel-opacity is-style-wide\"\/>\n\n\n\n<p><strong>Size comparison\nBins \/ sorting boxes (blue)<\/strong><\/p>\n\n\n\n<figure class=\"wp-block-table\"><table class=\"has-fixed-layout\"><tbody><tr><td><strong>size 1<\/strong><\/td><td><strong>size 2<\/strong><\/td><td><strong>size 3<\/strong><\/td><td><strong>size 4<\/strong><\/td><\/tr><tr><td>72 units<\/td><td>48 units<\/td><td>30 units<\/td><td>12 units <\/td><\/tr><tr><td>165 x 105 x 75 mm<\/td><td>235 x 145 x 125 mm<\/td><td>335 x 205 x 150 mm<\/td><td>480 x 305 x 180 mm<\/td><\/tr><\/tbody><\/table><\/figure>\n\n\n\n<hr class=\"wp-block-separator alignfull has-alpha-channel-opacity is-style-wide\"\/>\n\n\n\n<h3 class=\"wp-block-heading\" style=\"font-size:26px\"><strong><strong>Metal workbench with wooden worktop<\/strong><\/strong><\/h3>\n\n\n\n<p style=\"font-size:20px\" class=\"translation-block\">\u2013 Worktop material: solid beech<br>\n\u2013 Worktop thickness: 35 \/ 40 mm<br>\n\u2013 Width: 1,500 \/ 2,000 mm<br>\n\u2013 Depth: 700 mm<br>\n\u2013 Height: 890 mm<br>\n\u2013 Load capacity: 400 \/ 600 kg<br>\n\u2013 Body color: light grey (RAL 7035)<br>\n\u2013 Doors: sky blue (RAL 5015)<br><\/p>\n\n\n\n<h3 class=\"wp-block-heading\" style=\"font-size:26px\"><strong>Features<\/strong><\/h3>\n\n\n\n<p style=\"font-size:20px\" class=\"translation-block\">\u2013 1 unit with 3 ball-bearing drawers, central locking with cylinder lock<br>\n\u2013 1 unit with shelf &amp; door, lockable<br>\n\u2013 1 additional ball-bearing drawer<br>\n\u2013 Surface: powder-coated<\/p>\n\n\n\n<h3 class=\"wp-block-heading\" style=\"font-size:26px\"><br><strong>Equipment<\/strong><\/h3>\n\n\n\n<p style=\"font-size:20px\" class=\"translation-block\">\u2013 Perforated panel 1,500 \/ 2,000 \u00d7 450 mm<br>\n\u2013 Sheet steel: 1.25 mm<br>\n\u2013 4 \/ 5 cross members<br>\n\u2013 Color: blue (RAL 5015)<br>\n\u2013 Tool holder set, 28 pieces<\/p>\n\n\n\n<hr class=\"wp-block-separator alignfull has-alpha-channel-opacity is-style-wide\"\/>\n\n\n\n<div class=\"wp-block-media-text alignwide is-stacked-on-mobile\" style=\"grid-template-columns:15% auto\"><figure class=\"wp-block-media-text__media\"><img decoding=\"async\" width=\"1024\" height=\"1024\" src=\"https:\/\/rapa-tech.com\/wp-content\/uploads\/2026\/03\/Magnethaken-ICON.png\" alt=\"\" class=\"wp-image-302 size-full\" srcset=\"https:\/\/rapa-tech.com\/wp-content\/uploads\/2026\/03\/Magnethaken-ICON.png 1024w, https:\/\/rapa-tech.com\/wp-content\/uploads\/2026\/03\/Magnethaken-ICON-300x300.png 300w, https:\/\/rapa-tech.com\/wp-content\/uploads\/2026\/03\/Magnethaken-ICON-150x150.png 150w, https:\/\/rapa-tech.com\/wp-content\/uploads\/2026\/03\/Magnethaken-ICON-768x768.png 768w\" sizes=\"(max-width: 1024px) 100vw, 1024px\" \/><\/figure><div class=\"wp-block-media-text__content\">\n<p style=\"font-size:26px\"><strong>Magnetic hooks<\/strong><\/p>\n\n\n\n<p style=\"font-size:20px\">(max. wall load per unit: 20 kg)<\/p>\n\n\n\n<p style=\"font-size:20px\" class=\"translation-block\">1 \u00d7 open, 4.5\u2033<br>\n1 \u00d7 closed, 4.5\u2033<br>\n1 \u00d7 open, 3\u2033<br>\n1 \u00d7 closed, 3\u2033<br>\n1 \u00d7 open, 6\u2033<br>\n1 \u00d7 closed, 6\u2033<\/p>\n<\/div><\/div>\n\n\n\n<hr class=\"wp-block-separator alignfull has-alpha-channel-opacity is-style-wide\"\/>\n\n\n\n<div class=\"wp-block-media-text alignwide is-stacked-on-mobile\" style=\"grid-template-columns:15% auto\"><figure class=\"wp-block-media-text__media\"><img decoding=\"async\" width=\"1024\" height=\"1024\" src=\"https:\/\/rapa-tech.com\/wp-content\/uploads\/2026\/03\/Beleuchtung-ICON.png\" alt=\"\" class=\"wp-image-303 size-full\" srcset=\"https:\/\/rapa-tech.com\/wp-content\/uploads\/2026\/03\/Beleuchtung-ICON.png 1024w, https:\/\/rapa-tech.com\/wp-content\/uploads\/2026\/03\/Beleuchtung-ICON-300x300.png 300w, https:\/\/rapa-tech.com\/wp-content\/uploads\/2026\/03\/Beleuchtung-ICON-150x150.png 150w, https:\/\/rapa-tech.com\/wp-content\/uploads\/2026\/03\/Beleuchtung-ICON-768x768.png 768w\" sizes=\"(max-width: 1024px) 100vw, 1024px\" \/><\/figure><div class=\"wp-block-media-text__content\">\n<p style=\"font-size:26px\"><strong>Lighting \u2013 LED industrial light<\/strong><\/p>\n\n\n\n<p style=\"font-size:20px\" class=\"translation-block\">Type of luminaire: ceiling light \/ Studio Lumen<br>\nTotal luminous flux: 8,100 lm<br>\nLight color: 4,000 K (neutral white)<br>\nProtection rating: IP65 (dust-tight and protected against water jets)<br>\nLight source: LED, included<br>\nEnergy efficiency class: D<br>\nMains voltage \/ operating voltage: 220\u2013240 V, 50\/60 Hz<br><br>\n\nHousing &amp; cover<br>\nHousing material: plastic<br>\nHousing color: grey<br>\nCover: plastic<br>\nCover color: white<br><br>\n\n<strong>Dimensions &amp; weight<br><\/strong>\nLength: 1,520 mm<br>\nWidth: 85 mm<br>\nHeight: 80 mm<br>\nNet weight: approx. 1.70 kg<\/p>\n<\/div><\/div>\n\n\n\n<hr class=\"wp-block-separator alignfull has-alpha-channel-opacity is-style-wide\"\/>\n\n\n\n<div class=\"wp-block-media-text alignwide is-stacked-on-mobile\" style=\"grid-template-columns:15% auto\"><figure class=\"wp-block-media-text__media\"><img loading=\"lazy\" decoding=\"async\" width=\"1024\" height=\"1024\" src=\"https:\/\/rapa-tech.com\/wp-content\/uploads\/2026\/03\/e391cc74-3df2-4972-a2df-51005ade7f33.png\" alt=\"\" class=\"wp-image-304 size-full\" srcset=\"https:\/\/rapa-tech.com\/wp-content\/uploads\/2026\/03\/e391cc74-3df2-4972-a2df-51005ade7f33.png 1024w, https:\/\/rapa-tech.com\/wp-content\/uploads\/2026\/03\/e391cc74-3df2-4972-a2df-51005ade7f33-300x300.png 300w, https:\/\/rapa-tech.com\/wp-content\/uploads\/2026\/03\/e391cc74-3df2-4972-a2df-51005ade7f33-150x150.png 150w, https:\/\/rapa-tech.com\/wp-content\/uploads\/2026\/03\/e391cc74-3df2-4972-a2df-51005ade7f33-768x768.png 768w\" sizes=\"(max-width: 1024px) 100vw, 1024px\" \/><\/figure><div class=\"wp-block-media-text__content\">\n<p style=\"font-size:26px\"><strong>Electrical system &amp; power distribution<\/strong><\/p>\n\n\n\n<p style=\"font-size:20px\">Kleinverteiler<br>Teilungseinheiten: 12<\/p>\n\n\n\n<p style=\"font-size:20px\" class=\"translation-block\">PE\/N terminal:\n2 terminal points 16 mm\u00b2\n10 terminal points 6 mm\u00b2<\/p>\n\n\n\n<p style=\"font-size:20px\" class=\"translation-block\">Entries:<\/strong><br>8 elastic entries on top<br>additional double membrane nozzles<\/p>\n\n\n\n<p style=\"font-size:20px\" class=\"translation-block\">Equipment:<br>\n\u2013 cover and labeling strips<br>\n\u2013 insulating plugs<\/p>\n\n\n\n<p style=\"font-size:20px\"><strong>Technical Data<\/strong><\/p>\n\n\n\n<p style=\"font-size:20px\" class=\"translation-block\">Dimensions:<br>\nWidth: 250 mm<br>\nLength: 200 mm<br>\nHeight: 122 mm<br>\nInternal height: 95 mm<br>\nProtection rating: IP65 according to EN 60529 \/ DIN VDE 0470-1<br>\nImpact resistance: IK07 according to DIN EN 5012<\/p>\n<\/div><\/div>\n\n\n\n<hr class=\"wp-block-separator alignfull has-alpha-channel-opacity is-style-wide\"\/>\n\n\n\n<div class=\"wp-block-media-text alignwide is-stacked-on-mobile\" style=\"grid-template-columns:15% auto\"><figure class=\"wp-block-media-text__media\"><img loading=\"lazy\" decoding=\"async\" width=\"1024\" height=\"1024\" src=\"https:\/\/rapa-tech.com\/wp-content\/uploads\/2026\/03\/2d55c467-3fbd-4fc2-88d1-fd838dddfa14.png\" alt=\"\" class=\"wp-image-305 size-full\" srcset=\"https:\/\/rapa-tech.com\/wp-content\/uploads\/2026\/03\/2d55c467-3fbd-4fc2-88d1-fd838dddfa14.png 1024w, https:\/\/rapa-tech.com\/wp-content\/uploads\/2026\/03\/2d55c467-3fbd-4fc2-88d1-fd838dddfa14-300x300.png 300w, https:\/\/rapa-tech.com\/wp-content\/uploads\/2026\/03\/2d55c467-3fbd-4fc2-88d1-fd838dddfa14-150x150.png 150w, https:\/\/rapa-tech.com\/wp-content\/uploads\/2026\/03\/2d55c467-3fbd-4fc2-88d1-fd838dddfa14-768x768.png 768w\" sizes=\"(max-width: 1024px) 100vw, 1024px\" \/><\/figure><div class=\"wp-block-media-text__content\">\n<p style=\"font-size:26px\"><strong>Protection &amp; Switching Devices<\/strong><\/p>\n\n\n\n<p style=\"font-size:20px\" class=\"translation-block\"><strong>RCD (Residual Current Device):<br><\/strong>\nBrand: Schrack PXF-40\/4\/003A<br>\nRated current: 40 A<br>\nNumber of poles: 4-pole<br>\nTripping current: 30 mA<br>\nType: A<br>\nMounting: DIN rail (REG)<br>\nFrequency: 50 Hz<\/p>\n\n\n\n<p style=\"font-size:20px\" class=\"translation-block\"><strong>Miniature circuit breaker<\/strong>:<br>\nSchrack PXL-C16\/3+N:<br>\n16 A, 3-pole<br>\nC characteristic<\/p>\n\n\n\n<p style=\"font-size:20px\" class=\"translation-block\">Schrack<br>\n16 A, 1+N, 1 module width (1TE)<br>\nC characteristic<\/p>\n\n\n\n<p style=\"font-size:20px\" class=\"translation-block\">Switch \/ socket combination<br>\nSCHUKO socket with hinged cover<\/p>\n\n\n\n<p style=\"font-size:20px\" class=\"translation-block\"><strong>Design:<\/strong> surface-mounted, W.1 series<br>\n<strong>Color:<\/strong> grey \/ light grey matte<\/p>\n<\/div><\/div>\n\n\n\n<hr class=\"wp-block-separator alignfull has-alpha-channel-opacity is-style-wide\"\/>\n\n\n\n<div class=\"wp-block-media-text alignwide is-stacked-on-mobile\" style=\"grid-template-columns:15% auto\"><figure class=\"wp-block-media-text__media\"><img loading=\"lazy\" decoding=\"async\" width=\"1024\" height=\"1024\" src=\"https:\/\/rapa-tech.com\/wp-content\/uploads\/2026\/03\/3d83158e-1e8e-4d53-9f32-ebbea5d8335f.png\" alt=\"\" class=\"wp-image-308 size-full\" srcset=\"https:\/\/rapa-tech.com\/wp-content\/uploads\/2026\/03\/3d83158e-1e8e-4d53-9f32-ebbea5d8335f.png 1024w, https:\/\/rapa-tech.com\/wp-content\/uploads\/2026\/03\/3d83158e-1e8e-4d53-9f32-ebbea5d8335f-300x300.png 300w, https:\/\/rapa-tech.com\/wp-content\/uploads\/2026\/03\/3d83158e-1e8e-4d53-9f32-ebbea5d8335f-150x150.png 150w, https:\/\/rapa-tech.com\/wp-content\/uploads\/2026\/03\/3d83158e-1e8e-4d53-9f32-ebbea5d8335f-768x768.png 768w\" sizes=\"(max-width: 1024px) 100vw, 1024px\" \/><\/figure><div class=\"wp-block-media-text__content\">\n<p style=\"font-size:26px\"><strong>CEE wall socket (depending on configuration)<\/strong><\/p>\n\n\n\n<p style=\"font-size:20px\">PCE 115-6: 16 A, 5-pin or PCE 125-6: 32 A, 5-pin<\/p>\n<\/div><\/div>\n\n\n\n<hr class=\"wp-block-separator alignfull has-alpha-channel-opacity is-style-wide\"\/>\n\n\n\n<div class=\"wp-block-media-text alignwide is-stacked-on-mobile\" style=\"grid-template-columns:15% auto\"><figure class=\"wp-block-media-text__media\"><img loading=\"lazy\" decoding=\"async\" width=\"1024\" height=\"1024\" src=\"https:\/\/rapa-tech.com\/wp-content\/uploads\/2026\/03\/3a80ddf9-98a4-49ed-b505-e88f253629cf.png\" alt=\"\" class=\"wp-image-307 size-full\" srcset=\"https:\/\/rapa-tech.com\/wp-content\/uploads\/2026\/03\/3a80ddf9-98a4-49ed-b505-e88f253629cf.png 1024w, https:\/\/rapa-tech.com\/wp-content\/uploads\/2026\/03\/3a80ddf9-98a4-49ed-b505-e88f253629cf-300x300.png 300w, https:\/\/rapa-tech.com\/wp-content\/uploads\/2026\/03\/3a80ddf9-98a4-49ed-b505-e88f253629cf-150x150.png 150w, https:\/\/rapa-tech.com\/wp-content\/uploads\/2026\/03\/3a80ddf9-98a4-49ed-b505-e88f253629cf-768x768.png 768w\" sizes=\"(max-width: 1024px) 100vw, 1024px\" \/><\/figure><div class=\"wp-block-media-text__content\">\n<p style=\"font-size:26px\"><strong>Wiring<\/strong><\/p>\n\n\n\n<p style=\"font-size:20px\" class=\"translation-block\">\u2013 NYM-J 3\u00d71.5 mm\u00b2, grey<br>\n\u2013 Outer diameter approx. 9.0 mm<br>\n\u2013 NYM-J 5\u00d71.5 mm\u00b2, grey<\/p>\n<\/div><\/div>\n\n\n\n<hr class=\"wp-block-separator alignfull has-alpha-channel-opacity is-style-wide\"\/>\n\n\n\n<p><\/p>","protected":false},"excerpt":{"rendered":"<p>Technisches DatenblattPROFI &#8211; Werkstattcontainer &#8211; Bestseller F\u00fcr Baustelle, Montage &amp; Handwerk Wichtiger HinweisAusstattung, Fabrikate, St\u00fcckzahlen und Anordnung k\u00f6nnen je nach [&hellip;]<\/p>\n","protected":false},"author":1,"featured_media":0,"parent":0,"menu_order":0,"comment_status":"closed","ping_status":"closed","template":"","meta":{"_uag_custom_page_level_css":"","site-sidebar-layout":"default","site-content-layout":"","ast-site-content-layout":"default","site-content-style":"default","site-sidebar-style":"default","ast-global-header-display":"","ast-banner-title-visibility":"","ast-main-header-display":"","ast-hfb-above-header-display":"","ast-hfb-below-header-display":"","ast-hfb-mobile-header-display":"","site-post-title":"disabled","ast-breadcrumbs-content":"","ast-featured-img":"","footer-sml-layout":"","ast-disable-related-posts":"","theme-transparent-header-meta":"","adv-header-id-meta":"","stick-header-meta":"","header-above-stick-meta":"","header-main-stick-meta":"","header-below-stick-meta":"","astra-migrate-meta-layouts":"default","ast-page-background-enabled":"default","ast-page-background-meta":{"desktop":{"background-color":"var(--ast-global-color-5)","background-image":"","background-repeat":"repeat","background-position":"center center","background-size":"auto","background-attachment":"scroll","background-type":"","background-media":"","overlay-type":"","overlay-color":"","overlay-opacity":"","overlay-gradient":""},"tablet":{"background-color":"","background-image":"","background-repeat":"repeat","background-position":"center center","background-size":"auto","background-attachment":"scroll","background-type":"","background-media":"","overlay-type":"","overlay-color":"","overlay-opacity":"","overlay-gradient":""},"mobile":{"background-color":"","background-image":"","background-repeat":"repeat","background-position":"center center","background-size":"auto","background-attachment":"scroll","background-type":"","background-media":"","overlay-type":"","overlay-color":"","overlay-opacity":"","overlay-gradient":""}},"ast-content-background-meta":{"desktop":{"background-color":"var(--ast-global-color-4)","background-image":"","background-repeat":"repeat","background-position":"center center","background-size":"auto","background-attachment":"scroll","background-type":"","background-media":"","overlay-type":"","overlay-color":"","overlay-opacity":"","overlay-gradient":""},"tablet":{"background-color":"var(--ast-global-color-4)","background-image":"","background-repeat":"repeat","background-position":"center center","background-size":"auto","background-attachment":"scroll","background-type":"","background-media":"","overlay-type":"","overlay-color":"","overlay-opacity":"","overlay-gradient":""},"mobile":{"background-color":"var(--ast-global-color-4)","background-image":"","background-repeat":"repeat","background-position":"center center","background-size":"auto","background-attachment":"scroll","background-type":"","background-media":"","overlay-type":"","overlay-color":"","overlay-opacity":"","overlay-gradient":""}},"footnotes":""},"class_list":["post-1344","page","type-page","status-publish","hentry"],"uagb_featured_image_src":{"full":false,"thumbnail":false,"medium":false,"medium_large":false,"large":false,"1536x1536":false,"2048x2048":false,"trp-custom-language-flag":false},"uagb_author_info":{"display_name":"rapatech-admin","author_link":"https:\/\/rapa-tech.com\/en\/author\/rapatech-admin\/"},"uagb_comment_info":0,"uagb_excerpt":"Technisches DatenblattPROFI &#8211; Werkstattcontainer &#8211; Bestseller F\u00fcr Baustelle, Montage &amp; Handwerk Wichtiger HinweisAusstattung, Fabrikate, St\u00fcckzahlen und Anordnung k\u00f6nnen je nach [&hellip;]","_links":{"self":[{"href":"https:\/\/rapa-tech.com\/en\/wp-json\/wp\/v2\/pages\/1344","targetHints":{"allow":["GET"]}}],"collection":[{"href":"https:\/\/rapa-tech.com\/en\/wp-json\/wp\/v2\/pages"}],"about":[{"href":"https:\/\/rapa-tech.com\/en\/wp-json\/wp\/v2\/types\/page"}],"author":[{"embeddable":true,"href":"https:\/\/rapa-tech.com\/en\/wp-json\/wp\/v2\/users\/1"}],"replies":[{"embeddable":true,"href":"https:\/\/rapa-tech.com\/en\/wp-json\/wp\/v2\/comments?post=1344"}],"version-history":[{"count":6,"href":"https:\/\/rapa-tech.com\/en\/wp-json\/wp\/v2\/pages\/1344\/revisions"}],"predecessor-version":[{"id":1578,"href":"https:\/\/rapa-tech.com\/en\/wp-json\/wp\/v2\/pages\/1344\/revisions\/1578"}],"wp:attachment":[{"href":"https:\/\/rapa-tech.com\/en\/wp-json\/wp\/v2\/media?parent=1344"}],"curies":[{"name":"wp","href":"https:\/\/api.w.org\/{rel}","templated":true}]}}