{"id":1352,"date":"2026-04-06T10:39:05","date_gmt":"2026-04-06T08:39:05","guid":{"rendered":"https:\/\/rapa-tech.com\/?page_id=1352"},"modified":"2026-04-16T18:21:46","modified_gmt":"2026-04-16T16:21:46","slug":"update-datenblatt-premium-individualloesung","status":"publish","type":"page","link":"https:\/\/rapa-tech.com\/en\/update-datenblatt-premium-individualloesung\/","title":{"rendered":"Update Datenblatt PREMIUM Individuall\u00f6sung"},"content":{"rendered":"<h2 class=\"wp-block-heading translation-block\"><strong>Technical Data Sheet<\/strong><br>\n<strong>PREMIUM<\/strong> \u2013 Customized Solution (One-Way)<br><\/h2>\n\n\n\n<hr class=\"wp-block-separator alignfull has-alpha-channel-opacity is-style-wide\"\/>\n\n\n\n<div class=\"wp-block-uagb-container uagb-block-bf8abecb alignfull uagb-is-root-container\"><div class=\"uagb-container-inner-blocks-wrap\">\n<p style=\"font-size:22px\" class=\"translation-block\"><strong>\u26a0\ufe0f Important Notice<br><\/strong><br>\nEquipment, brands, quantities, and configuration may vary slightly depending on availability, customer requirements, and technical implementation. The respective offer is binding.<\/p>\n<\/div><\/div>\n\n\n\n<div class=\"wp-block-uagb-container uagb-block-b221d0cf alignfull uagb-is-root-container\"><div class=\"uagb-container-inner-blocks-wrap\">\n<p style=\"font-size:22px\"><strong>Equipment, brands, quantities, and configuration may vary slightly depending on availability, customer requirements, and technical implementation. The respective offer shall be decisive.<\/strong><\/p>\n<\/div><\/div>\n\n\n\n<hr class=\"wp-block-separator alignfull has-alpha-channel-opacity is-style-wide\"\/>\n\n\n\n<div class=\"wp-block-media-text has-media-on-the-right is-stacked-on-mobile\"><div class=\"wp-block-media-text__content\">\n<p style=\"font-size:28px\"><strong>Shelving Systems<\/strong><\/p>\n\n\n\n<p style=\"font-size:24px\" class=\"translation-block\">\u2013 Heavy-duty shelving, galvanized<br>\n\u2013 Custom shelving<br>\n\u2013 Pallet racking<br>\n\u2013 Oil &amp; liquid storage shelving<br>\n\u2013 Workshop shelving<\/p>\n<\/div><figure class=\"wp-block-media-text__media\"><img fetchpriority=\"high\" decoding=\"async\" width=\"1024\" height=\"768\" src=\"https:\/\/rapa-tech.com\/wp-content\/uploads\/2026\/04\/DSC_1246-Profi-06-1024x768.jpg\" alt=\"\" class=\"wp-image-1304 size-full\" srcset=\"https:\/\/rapa-tech.com\/wp-content\/uploads\/2026\/04\/DSC_1246-Profi-06-1024x768.jpg 1024w, https:\/\/rapa-tech.com\/wp-content\/uploads\/2026\/04\/DSC_1246-Profi-06-300x225.jpg 300w, https:\/\/rapa-tech.com\/wp-content\/uploads\/2026\/04\/DSC_1246-Profi-06-768x576.jpg 768w, https:\/\/rapa-tech.com\/wp-content\/uploads\/2026\/04\/DSC_1246-Profi-06-16x12.jpg 16w, https:\/\/rapa-tech.com\/wp-content\/uploads\/2026\/04\/DSC_1246-Profi-06.jpg 1200w\" sizes=\"(max-width: 1024px) 100vw, 1024px\" \/><\/figure><\/div>\n\n\n\n<hr class=\"wp-block-separator alignfull has-alpha-channel-opacity is-style-wide\"\/>\n\n\n\n<div class=\"wp-block-media-text alignwide is-stacked-on-mobile\" style=\"grid-template-columns:15% auto\"><figure class=\"wp-block-media-text__media\"><img decoding=\"async\" width=\"1024\" height=\"1024\" src=\"https:\/\/rapa-tech.com\/wp-content\/uploads\/2026\/03\/ChatGPT-Image-21.-Maerz-2026-16_29_31.png\" alt=\"\" class=\"wp-image-460 size-full\" srcset=\"https:\/\/rapa-tech.com\/wp-content\/uploads\/2026\/03\/ChatGPT-Image-21.-Maerz-2026-16_29_31.png 1024w, https:\/\/rapa-tech.com\/wp-content\/uploads\/2026\/03\/ChatGPT-Image-21.-Maerz-2026-16_29_31-300x300.png 300w, https:\/\/rapa-tech.com\/wp-content\/uploads\/2026\/03\/ChatGPT-Image-21.-Maerz-2026-16_29_31-150x150.png 150w, https:\/\/rapa-tech.com\/wp-content\/uploads\/2026\/03\/ChatGPT-Image-21.-Maerz-2026-16_29_31-768x768.png 768w\" sizes=\"(max-width: 1024px) 100vw, 1024px\" \/><\/figure><div class=\"wp-block-media-text__content\">\n<p style=\"font-size:26px\"><strong>Work Areas<\/strong><\/p>\n\n\n\n<p style=\"font-size:22px\" class=\"translation-block\">\u2013 Workbenches (various designs)<br>\n\u2013 Assembly workstations<br>\n\u2013 Vise solutions<br>\n\u2013 Custom workstations<\/p>\n<\/div><\/div>\n\n\n\n<hr class=\"wp-block-separator alignfull has-alpha-channel-opacity is-style-wide\"\/>\n\n\n\n<div class=\"wp-block-media-text alignwide is-stacked-on-mobile\" style=\"grid-template-columns:15% auto\"><figure class=\"wp-block-media-text__media\"><img decoding=\"async\" width=\"1024\" height=\"1024\" src=\"https:\/\/rapa-tech.com\/wp-content\/uploads\/2026\/03\/e391cc74-3df2-4972-a2df-51005ade7f33.png\" alt=\"\" class=\"wp-image-304 size-full\" srcset=\"https:\/\/rapa-tech.com\/wp-content\/uploads\/2026\/03\/e391cc74-3df2-4972-a2df-51005ade7f33.png 1024w, https:\/\/rapa-tech.com\/wp-content\/uploads\/2026\/03\/e391cc74-3df2-4972-a2df-51005ade7f33-300x300.png 300w, https:\/\/rapa-tech.com\/wp-content\/uploads\/2026\/03\/e391cc74-3df2-4972-a2df-51005ade7f33-150x150.png 150w, https:\/\/rapa-tech.com\/wp-content\/uploads\/2026\/03\/e391cc74-3df2-4972-a2df-51005ade7f33-768x768.png 768w\" sizes=\"(max-width: 1024px) 100vw, 1024px\" \/><\/figure><div class=\"wp-block-media-text__content\">\n<p style=\"font-size:26px\"><strong>Electrical &amp; Technical Systems<\/strong><\/p>\n\n\n\n<p style=\"font-size:22px\" class=\"translation-block\">\u2013 Customized power distribution<br>\n\u2013 Multiple outlets &amp; separate circuits<br>\n\u2013 CEE connections 16 A \/ 32 A<br>\n\u2013 Lighting as required<br>\n\u2013 Heating \/ frost protection<\/p>\n<\/div><\/div>\n\n\n\n<hr class=\"wp-block-separator alignfull has-alpha-channel-opacity is-style-wide\"\/>\n\n\n\n<div class=\"wp-block-media-text alignwide is-stacked-on-mobile\" style=\"grid-template-columns:15% auto\"><figure class=\"wp-block-media-text__media\"><img loading=\"lazy\" decoding=\"async\" width=\"1024\" height=\"1024\" src=\"https:\/\/rapa-tech.com\/wp-content\/uploads\/2026\/03\/ordnung-1024x1024.png\" alt=\"\" class=\"wp-image-534 size-full\" srcset=\"https:\/\/rapa-tech.com\/wp-content\/uploads\/2026\/03\/ordnung-1024x1024.png 1024w, https:\/\/rapa-tech.com\/wp-content\/uploads\/2026\/03\/ordnung-300x300.png 300w, https:\/\/rapa-tech.com\/wp-content\/uploads\/2026\/03\/ordnung-150x150.png 150w, https:\/\/rapa-tech.com\/wp-content\/uploads\/2026\/03\/ordnung-768x768.png 768w, https:\/\/rapa-tech.com\/wp-content\/uploads\/2026\/03\/ordnung-1536x1536.png 1536w, https:\/\/rapa-tech.com\/wp-content\/uploads\/2026\/03\/ordnung-2048x2048.png 2048w\" sizes=\"(max-width: 1024px) 100vw, 1024px\" \/><\/figure><div class=\"wp-block-media-text__content\">\n<p style=\"font-size:26px\"><strong><strong>Organization, Accessories &amp; Site Supplies<\/strong><\/strong><\/p>\n\n\n\n<p style=\"font-size:22px\" class=\"translation-block\">\u2013 Bin and sorting systems<br>\n\u2013 Magnetic hooks &amp; holding systems<br>\n\u2013 Tool holders<br>\n\u2013 Stocking with site supplies as required, e.g.:<br>\n\u2013 Screws &amp; Spax<br>\n\u2013 Anchors &amp; fastening materials<br>\n\u2013 Electrical supplies<br>\n\u2013 Installation materials<br>\n\u2013 Shovels, brooms &amp; hand tools<br>\n\u2013 Consumables for construction site &amp; assembly<\/p>\n\n\n\n<p style=\"font-size:22px\"><strong>The container can be delivered fully operational upon request.<\/strong><\/p>\n<\/div><\/div>\n\n\n\n<hr class=\"wp-block-separator alignfull has-alpha-channel-opacity is-style-wide\"\/>\n\n\n\n<div class=\"wp-block-media-text alignwide is-stacked-on-mobile\" style=\"grid-template-columns:15% auto\"><figure class=\"wp-block-media-text__media\"><img loading=\"lazy\" decoding=\"async\" width=\"1024\" height=\"1024\" src=\"https:\/\/rapa-tech.com\/wp-content\/uploads\/2026\/03\/Magnethaken-ICON.png\" alt=\"\" class=\"wp-image-302 size-full\" srcset=\"https:\/\/rapa-tech.com\/wp-content\/uploads\/2026\/03\/Magnethaken-ICON.png 1024w, https:\/\/rapa-tech.com\/wp-content\/uploads\/2026\/03\/Magnethaken-ICON-300x300.png 300w, https:\/\/rapa-tech.com\/wp-content\/uploads\/2026\/03\/Magnethaken-ICON-150x150.png 150w, https:\/\/rapa-tech.com\/wp-content\/uploads\/2026\/03\/Magnethaken-ICON-768x768.png 768w\" sizes=\"(max-width: 1024px) 100vw, 1024px\" \/><\/figure><div class=\"wp-block-media-text__content\">\n<p style=\"font-size:26px\"><strong><strong>Magnetic Mounting System \u2013 Your Advantage<\/strong><\/strong><\/p>\n\n\n\n<p style=\"font-size:22px\" class=\"translation-block\">All shelving, lighting, and equipment are not welded in our facility,<br>\nbut are installed using a magnetic mounting system.<\/p>\n\n\n\n<p style=\"font-size:22px\" class=\"translation-block\"><strong>Your advantages at a glance<\/strong><br>\n\u2013 no welding work on the container<br>\n\u2013 no rust spots or corrosion formation<br>\n\u2013 no weakening of the container structure<br>\n\u2013 flexible customization &amp; expansion possible at any time<br>\n\u2013 can be dismantled without residue<br>\n\u2013 clean, durable solution<\/p>\n\n\n\n<p style=\"font-size:22px\">Ideal for future expansions, modifications, or changing requirements.<\/p>\n<\/div><\/div>\n\n\n\n<hr class=\"wp-block-separator alignfull has-alpha-channel-opacity is-style-wide\"\/>\n\n\n\n<div class=\"wp-block-media-text alignwide is-stacked-on-mobile\" style=\"grid-template-columns:15% auto\"><figure class=\"wp-block-media-text__media\"><img loading=\"lazy\" decoding=\"async\" width=\"1024\" height=\"1024\" src=\"https:\/\/rapa-tech.com\/wp-content\/uploads\/2026\/03\/Design-icon-1024x1024.png\" alt=\"\" class=\"wp-image-532 size-full\" srcset=\"https:\/\/rapa-tech.com\/wp-content\/uploads\/2026\/03\/Design-icon-1024x1024.png 1024w, https:\/\/rapa-tech.com\/wp-content\/uploads\/2026\/03\/Design-icon-300x300.png 300w, https:\/\/rapa-tech.com\/wp-content\/uploads\/2026\/03\/Design-icon-150x150.png 150w, https:\/\/rapa-tech.com\/wp-content\/uploads\/2026\/03\/Design-icon-768x768.png 768w, https:\/\/rapa-tech.com\/wp-content\/uploads\/2026\/03\/Design-icon-1536x1536.png 1536w, https:\/\/rapa-tech.com\/wp-content\/uploads\/2026\/03\/Design-icon-2048x2048.png 2048w\" sizes=\"(max-width: 1024px) 100vw, 1024px\" \/><\/figure><div class=\"wp-block-media-text__content\">\n<p style=\"font-size:26px\"><strong>Appearance &amp; Branding<\/strong><\/p>\n\n\n\n<p style=\"font-size:22px\" class=\"translation-block\">\u2013 Company branding<br>\n\u2013 Custom color<br>\n\u2013 Labeling<br>\n\u2013 Numbering \/ identification<\/p>\n<\/div><\/div>\n\n\n\n<hr class=\"wp-block-separator alignfull has-alpha-channel-opacity is-style-wide\"\/>\n\n\n\n<h3 class=\"wp-block-heading\" style=\"font-size:26px\"><strong>Technical Data<\/strong><\/h3>\n\n\n\n<p style=\"font-size:22px\" class=\"translation-block\"><strong>External Dimensions<\/strong><br>\n\u2013 Length: 6,058 mm<br>\n\u2013 Width: 2,438 mm<br>\n\u2013 Height: 2,591 mm<br><br>\n\n<strong>Internal Dimensions<\/strong><br>\n\u2013 Length: 5,898 mm<br>\n\u2013 Width: 2,352 mm<br>\n\u2013 Height: 2,393 mm<br><br>\n\n<strong>Door Opening Dimensions<\/strong><br>\n\u2013 Width: 2,343 mm<br>\n\u2013 Height: 2,280 mm<br><br>\n\n<strong>Weights<\/strong><br>\n\u2013 Tare weight: approx. 2,000 kg<br>\n\u2013 Payload: up to 28,480 kg<br>\n\u2013 Maximum gross weight: 30,480 kg<br><br>\n\n<strong>Internal Volume<\/strong><br>\n\u2013 approx. 32.2 m\u00b3<\/p>\n\n\n\n<hr class=\"wp-block-separator alignfull has-alpha-channel-opacity is-style-wide\"\/>","protected":false},"excerpt":{"rendered":"<p>Technisches DatenblattPREMIUM&nbsp;\u2013 Individuall\u00f6sung(One-Way) Wichtiger Hinweis Ausstattung, Fabrikate, St\u00fcckzahlen und Anordnung k\u00f6nnen je nach Verf\u00fcgbarkeit, Kundenwunsch und technischer Umsetzung geringf\u00fcgig variieren. [&hellip;]<\/p>\n","protected":false},"author":1,"featured_media":0,"parent":0,"menu_order":0,"comment_status":"closed","ping_status":"closed","template":"","meta":{"_uag_custom_page_level_css":"","site-sidebar-layout":"default","site-content-layout":"","ast-site-content-layout":"default","site-content-style":"default","site-sidebar-style":"default","ast-global-header-display":"","ast-banner-title-visibility":"","ast-main-header-display":"","ast-hfb-above-header-display":"","ast-hfb-below-header-display":"","ast-hfb-mobile-header-display":"","site-post-title":"disabled","ast-breadcrumbs-content":"","ast-featured-img":"","footer-sml-layout":"","ast-disable-related-posts":"","theme-transparent-header-meta":"","adv-header-id-meta":"","stick-header-meta":"","header-above-stick-meta":"","header-main-stick-meta":"","header-below-stick-meta":"","astra-migrate-meta-layouts":"default","ast-page-background-enabled":"default","ast-page-background-meta":{"desktop":{"background-color":"var(--ast-global-color-5)","background-image":"","background-repeat":"repeat","background-position":"center center","background-size":"auto","background-attachment":"scroll","background-type":"","background-media":"","overlay-type":"","overlay-color":"","overlay-opacity":"","overlay-gradient":""},"tablet":{"background-color":"","background-image":"","background-repeat":"repeat","background-position":"center center","background-size":"auto","background-attachment":"scroll","background-type":"","background-media":"","overlay-type":"","overlay-color":"","overlay-opacity":"","overlay-gradient":""},"mobile":{"background-color":"","background-image":"","background-repeat":"repeat","background-position":"center center","background-size":"auto","background-attachment":"scroll","background-type":"","background-media":"","overlay-type":"","overlay-color":"","overlay-opacity":"","overlay-gradient":""}},"ast-content-background-meta":{"desktop":{"background-color":"var(--ast-global-color-4)","background-image":"","background-repeat":"repeat","background-position":"center center","background-size":"auto","background-attachment":"scroll","background-type":"","background-media":"","overlay-type":"","overlay-color":"","overlay-opacity":"","overlay-gradient":""},"tablet":{"background-color":"var(--ast-global-color-4)","background-image":"","background-repeat":"repeat","background-position":"center center","background-size":"auto","background-attachment":"scroll","background-type":"","background-media":"","overlay-type":"","overlay-color":"","overlay-opacity":"","overlay-gradient":""},"mobile":{"background-color":"var(--ast-global-color-4)","background-image":"","background-repeat":"repeat","background-position":"center center","background-size":"auto","background-attachment":"scroll","background-type":"","background-media":"","overlay-type":"","overlay-color":"","overlay-opacity":"","overlay-gradient":""}},"footnotes":""},"class_list":["post-1352","page","type-page","status-publish","hentry"],"uagb_featured_image_src":{"full":false,"thumbnail":false,"medium":false,"medium_large":false,"large":false,"1536x1536":false,"2048x2048":false,"trp-custom-language-flag":false},"uagb_author_info":{"display_name":"rapatech-admin","author_link":"https:\/\/rapa-tech.com\/en\/author\/rapatech-admin\/"},"uagb_comment_info":0,"uagb_excerpt":"Technisches DatenblattPREMIUM&nbsp;\u2013 Individuall\u00f6sung(One-Way) Wichtiger Hinweis Ausstattung, Fabrikate, St\u00fcckzahlen und Anordnung k\u00f6nnen je nach Verf\u00fcgbarkeit, Kundenwunsch und technischer Umsetzung geringf\u00fcgig variieren. [&hellip;]","_links":{"self":[{"href":"https:\/\/rapa-tech.com\/en\/wp-json\/wp\/v2\/pages\/1352","targetHints":{"allow":["GET"]}}],"collection":[{"href":"https:\/\/rapa-tech.com\/en\/wp-json\/wp\/v2\/pages"}],"about":[{"href":"https:\/\/rapa-tech.com\/en\/wp-json\/wp\/v2\/types\/page"}],"author":[{"embeddable":true,"href":"https:\/\/rapa-tech.com\/en\/wp-json\/wp\/v2\/users\/1"}],"replies":[{"embeddable":true,"href":"https:\/\/rapa-tech.com\/en\/wp-json\/wp\/v2\/comments?post=1352"}],"version-history":[{"count":4,"href":"https:\/\/rapa-tech.com\/en\/wp-json\/wp\/v2\/pages\/1352\/revisions"}],"predecessor-version":[{"id":1581,"href":"https:\/\/rapa-tech.com\/en\/wp-json\/wp\/v2\/pages\/1352\/revisions\/1581"}],"wp:attachment":[{"href":"https:\/\/rapa-tech.com\/en\/wp-json\/wp\/v2\/media?parent=1352"}],"curies":[{"name":"wp","href":"https:\/\/api.w.org\/{rel}","templated":true}]}}