{"id":1355,"date":"2026-04-06T10:57:39","date_gmt":"2026-04-06T08:57:39","guid":{"rendered":"https:\/\/rapa-tech.com\/?page_id=1355"},"modified":"2026-04-06T16:12:38","modified_gmt":"2026-04-06T14:12:38","slug":"update-mobiler-service","status":"publish","type":"page","link":"https:\/\/rapa-tech.com\/en\/update-mobiler-service\/","title":{"rendered":"Update Mobiler Service"},"content":{"rendered":"<div class=\"wp-block-uagb-container uagb-block-c4f73a09 alignfull uagb-is-root-container\"><div class=\"uagb-container-inner-blocks-wrap\">\n<h2 class=\"wp-block-heading has-text-align-center\" style=\"font-size:32px\">Mobile Service<\/h2>\n\n\n\n<p class=\"has-text-align-center translation-block\" style=\"font-size:22px\"><p>\nWe offer a <strong>flexible, mobile service directly on-site at the construction site<\/strong> and provide repair, maintenance, and inspection services for all types of construction machinery and equipment.\n<\/p><\/p>\n<\/div><\/div>\n\n\n\n<hr class=\"wp-block-separator alignfull has-text-color has-ast-global-color-0-color has-alpha-channel-opacity has-ast-global-color-0-background-color has-background is-style-wide\" style=\"margin-top:var(--wp--preset--spacing--20);margin-bottom:var(--wp--preset--spacing--20)\"\/>\n\n\n\n<p style=\"font-size:26px\"><br><strong>Overview of Our Inspection Services<\/strong><\/p>\n\n\n\n<p style=\"font-size:22px\" class=\"translation-block\"><ul>\n  <li>Repairs of all kinds on construction machinery, agricultural machinery, and equipment<\/li>\n  <li>Maintenance and servicing<\/li>\n  <li>\n    Electrical and diagnostic services \n    <em>(fault detection, control unit diagnostics, troubleshooting)<\/em>\n  <\/li>\n  <li>\n    Hydraulic services \n    <em>(fault diagnosis, repair, and maintenance)<\/em>\n  <\/li>\n  <li>\n    High-pressure hose services \n    <em>(manufacture and replacement of high-pressure hoses)<\/em>\n  <\/li>\n  <li>Hose and line replacement<\/li>\n  <li>Engine and oil services<\/li>\n  <li>Filter and fluid replacement<\/li>\n  <li>Functional and visual inspections<\/li>\n  <li>\n    Mobile on-site service \n    <strong>directly at the construction site<\/strong>\n  <\/li>\n<\/ul><\/p>\n\n\n\n<hr class=\"wp-block-separator alignfull has-text-color has-ast-global-color-0-color has-alpha-channel-opacity has-ast-global-color-0-background-color has-background is-style-wide\" style=\"margin-top:var(--wp--preset--spacing--20);margin-bottom:var(--wp--preset--spacing--20)\"\/>\n\n\n\n<p style=\"font-size:26px\"><strong>&nbsp;<\/strong><br><strong>Inspections \u2013 All types of equipment<\/strong>&nbsp;<\/p>\n\n\n\n<p style=\"font-size:22px\" class=\"translation-block\"><p>\nWe carry out <strong>periodic inspections<\/strong> of machinery, construction equipment, and work equipment.\n<\/p><\/p>\n\n\n\n<p style=\"font-size:22px\" class=\"translation-block\"><p><strong>Our inspections are carried out in accordance with:<\/strong><\/p>\n\n<ul>\n  <li><strong>Work Equipment Ordinance (AM-VO \u00a7\u00a7 8\u20139)<\/strong><\/li>\n  <li><strong>DGUV Rule 100-500<\/strong><\/li>\n  <li><strong>DGUV Regulation 1<\/strong><\/li>\n  <li><strong>Section 14 of the German Ordinance on Industrial Safety and Health (BetrSichV)<\/strong><\/li>\n<\/ul>\n\n<p>\nAll inspections are performed by a qualified person in accordance with VDI 4068 (Parts 1, 5 and 6),<br>\nincluding inspection report and inspection label.\n<\/p><\/p>\n\n\n\n<div style=\"height:128px\" aria-hidden=\"true\" class=\"wp-block-spacer\"><\/div>","protected":false},"excerpt":{"rendered":"<p>Mobiler Service Wir bieten einen&nbsp;flexiblen, mobilen Service direkt auf der Baustelle&nbsp;und \u00fcbernehmen Reparatur-, Wartungs- und Pr\u00fcfleistungen an Baumaschinen und Bauger\u00e4ten [&hellip;]<\/p>\n","protected":false},"author":1,"featured_media":0,"parent":0,"menu_order":0,"comment_status":"closed","ping_status":"closed","template":"","meta":{"_uag_custom_page_level_css":"","site-sidebar-layout":"default","site-content-layout":"","ast-site-content-layout":"default","site-content-style":"default","site-sidebar-style":"default","ast-global-header-display":"","ast-banner-title-visibility":"","ast-main-header-display":"","ast-hfb-above-header-display":"","ast-hfb-below-header-display":"","ast-hfb-mobile-header-display":"","site-post-title":"disabled","ast-breadcrumbs-content":"","ast-featured-img":"","footer-sml-layout":"","ast-disable-related-posts":"","theme-transparent-header-meta":"","adv-header-id-meta":"","stick-header-meta":"","header-above-stick-meta":"","header-main-stick-meta":"","header-below-stick-meta":"","astra-migrate-meta-layouts":"default","ast-page-background-enabled":"default","ast-page-background-meta":{"desktop":{"background-color":"var(--ast-global-color-5)","background-image":"","background-repeat":"repeat","background-position":"center center","background-size":"auto","background-attachment":"scroll","background-type":"","background-media":"","overlay-type":"","overlay-color":"","overlay-opacity":"","overlay-gradient":""},"tablet":{"background-color":"","background-image":"","background-repeat":"repeat","background-position":"center center","background-size":"auto","background-attachment":"scroll","background-type":"","background-media":"","overlay-type":"","overlay-color":"","overlay-opacity":"","overlay-gradient":""},"mobile":{"background-color":"","background-image":"","background-repeat":"repeat","background-position":"center center","background-size":"auto","background-attachment":"scroll","background-type":"","background-media":"","overlay-type":"","overlay-color":"","overlay-opacity":"","overlay-gradient":""}},"ast-content-background-meta":{"desktop":{"background-color":"var(--ast-global-color-4)","background-image":"","background-repeat":"repeat","background-position":"center center","background-size":"auto","background-attachment":"scroll","background-type":"","background-media":"","overlay-type":"","overlay-color":"","overlay-opacity":"","overlay-gradient":""},"tablet":{"background-color":"var(--ast-global-color-4)","background-image":"","background-repeat":"repeat","background-position":"center center","background-size":"auto","background-attachment":"scroll","background-type":"","background-media":"","overlay-type":"","overlay-color":"","overlay-opacity":"","overlay-gradient":""},"mobile":{"background-color":"var(--ast-global-color-4)","background-image":"","background-repeat":"repeat","background-position":"center center","background-size":"auto","background-attachment":"scroll","background-type":"","background-media":"","overlay-type":"","overlay-color":"","overlay-opacity":"","overlay-gradient":""}},"footnotes":""},"class_list":["post-1355","page","type-page","status-publish","hentry"],"uagb_featured_image_src":{"full":false,"thumbnail":false,"medium":false,"medium_large":false,"large":false,"1536x1536":false,"2048x2048":false,"trp-custom-language-flag":false},"uagb_author_info":{"display_name":"rapatech-admin","author_link":"https:\/\/rapa-tech.com\/en\/author\/rapatech-admin\/"},"uagb_comment_info":0,"uagb_excerpt":"Mobiler Service Wir bieten einen&nbsp;flexiblen, mobilen Service direkt auf der Baustelle&nbsp;und \u00fcbernehmen Reparatur-, Wartungs- und Pr\u00fcfleistungen an Baumaschinen und Bauger\u00e4ten [&hellip;]","_links":{"self":[{"href":"https:\/\/rapa-tech.com\/en\/wp-json\/wp\/v2\/pages\/1355","targetHints":{"allow":["GET"]}}],"collection":[{"href":"https:\/\/rapa-tech.com\/en\/wp-json\/wp\/v2\/pages"}],"about":[{"href":"https:\/\/rapa-tech.com\/en\/wp-json\/wp\/v2\/types\/page"}],"author":[{"embeddable":true,"href":"https:\/\/rapa-tech.com\/en\/wp-json\/wp\/v2\/users\/1"}],"replies":[{"embeddable":true,"href":"https:\/\/rapa-tech.com\/en\/wp-json\/wp\/v2\/comments?post=1355"}],"version-history":[{"count":2,"href":"https:\/\/rapa-tech.com\/en\/wp-json\/wp\/v2\/pages\/1355\/revisions"}],"predecessor-version":[{"id":1445,"href":"https:\/\/rapa-tech.com\/en\/wp-json\/wp\/v2\/pages\/1355\/revisions\/1445"}],"wp:attachment":[{"href":"https:\/\/rapa-tech.com\/en\/wp-json\/wp\/v2\/media?parent=1355"}],"curies":[{"name":"wp","href":"https:\/\/api.w.org\/{rel}","templated":true}]}}