{"id":1413,"date":"2026-04-06T15:12:22","date_gmt":"2026-04-06T13:12:22","guid":{"rendered":"https:\/\/rapa-tech.com\/?page_id=1413"},"modified":"2026-04-06T15:13:34","modified_gmt":"2026-04-06T13:13:34","slug":"update-amvo-preisliste","status":"publish","type":"page","link":"https:\/\/rapa-tech.com\/en\/update-amvo-preisliste\/","title":{"rendered":"Update AMVO Preisliste"},"content":{"rendered":"<figure class=\"wp-block-image aligncenter size-large is-resized\"><img fetchpriority=\"high\" decoding=\"async\" width=\"1024\" height=\"1024\" src=\"https:\/\/rapa-tech.com\/wp-content\/uploads\/2026\/01\/AmVo-icon-1024x1024.png\" alt=\"\" class=\"wp-image-231\" style=\"width:150px;height:auto\" srcset=\"https:\/\/rapa-tech.com\/wp-content\/uploads\/2026\/01\/AmVo-icon-1024x1024.png 1024w, https:\/\/rapa-tech.com\/wp-content\/uploads\/2026\/01\/AmVo-icon-300x300.png 300w, https:\/\/rapa-tech.com\/wp-content\/uploads\/2026\/01\/AmVo-icon-150x150.png 150w, https:\/\/rapa-tech.com\/wp-content\/uploads\/2026\/01\/AmVo-icon-768x768.png 768w, https:\/\/rapa-tech.com\/wp-content\/uploads\/2026\/01\/AmVo-icon-1536x1536.png 1536w, https:\/\/rapa-tech.com\/wp-content\/uploads\/2026\/01\/AmVo-icon-2048x2048.png 2048w\" sizes=\"(max-width: 1024px) 100vw, 1024px\" \/><\/figure>\n\n\n\n<h2 class=\"wp-block-heading has-text-align-center translation-block\" style=\"font-size:28px\"><strong>AMVO Inspection Price List<\/strong><br><\/h2>\n\n\n\n<div class=\"wp-block-uagb-container uagb-block-ff83a1fe alignfull uagb-is-root-container\"><div class=\"uagb-container-inner-blocks-wrap\">\n<p class=\"has-text-align-center translation-block\" style=\"font-size:22px\"><p>\nPricing is based on the type, scope, and complexity of the respective inspection.<br>\nWe are happy to provide you with a customized offer.\n<\/p>\n\n<p><strong>Excavators \/ Wheel loaders \/ Dumpers \/ Construction machinery<\/strong><\/p><\/p>\n<\/div><\/div>\n\n\n\n<figure style=\"font-size:18px\" class=\"wp-block-table\"><table class=\"has-fixed-layout\"><tbody><tr><td class=\"has-text-align-center\" data-align=\"center\"><strong>machine\u00a0<\/strong><\/td><td class=\"has-text-align-center\" data-align=\"center\"><strong>price netto<\/strong><\/td><\/tr><tr><td class=\"has-text-align-center\" data-align=\"center\">Mini excavators up to 3.5 tons\u00a0<\/td><td class=\"has-text-align-center\" data-align=\"center\">120\u2013150 \u20ac\u00a0<\/td><\/tr><tr><td class=\"has-text-align-center\" data-align=\"center\">Excavators \/ Wheel loaders 5\u201315 t\u00a0<\/td><td class=\"has-text-align-center\" data-align=\"center\">150\u2013200 \u20ac\u00a0<\/td><\/tr><tr><td class=\"has-text-align-center\" data-align=\"center\">Excavators \/ Wheel loaders 15\u201330 t\u00a0<\/td><td class=\"has-text-align-center\" data-align=\"center\">180\u2013250 \u20ac\u00a0<\/td><\/tr><tr><td class=\"has-text-align-center\" data-align=\"center\">Heavy equipment weighing over 30 tons\u00a0<\/td><td class=\"has-text-align-center\" data-align=\"center\">220\u2013350 \u20ac\u00a0<\/td><\/tr><tr><td class=\"has-text-align-center\" data-align=\"center\">Telescopic loader<\/td><td class=\"has-text-align-center\" data-align=\"center\">150\u2013220 \u20ac\u00a0<\/td><\/tr><tr><td class=\"has-text-align-center\" data-align=\"center\">Rollers\u00a0<\/td><td class=\"has-text-align-center\" data-align=\"center\">150\u2013200 \u20ac\u00a0<\/td><\/tr><tr><td class=\"has-text-align-center\" data-align=\"center\">Dump truck\u00a0<\/td><td class=\"has-text-align-center\" data-align=\"center\">180\u2013250 \u20ac\u00a0<\/td><\/tr><tr><td class=\"has-text-align-center\" data-align=\"center\">Work platforms\u00a0<\/td><td class=\"has-text-align-center\" data-align=\"center\">100\u2013150 \u20ac\u00a0<\/td><\/tr><tr><td class=\"has-text-align-center\" data-align=\"center\">Forklift\u00a0<\/td><td class=\"has-text-align-center\" data-align=\"center\">90\u2013120 \u20ac\u00a0<\/td><\/tr><\/tbody><\/table><\/figure>\n\n\n\n<h3 class=\"wp-block-heading\"><strong>Equipment usage \/ Additional testing costs<\/strong>&nbsp;<\/h3>\n\n\n\n<p style=\"font-size:20px\">Depending on the condition of the machine, additional charges may apply:&nbsp;<\/p>\n\n\n\n<p style=\"font-size:20px\" class=\"translation-block\"><ul>\n  <li>Documentation &amp; inspection report: <strong>\u20ac10\u201325<\/strong><\/li>\n  <li>Inspection label: <strong>\u20ac5\u201315<\/strong><\/li>\n  <li>Additional work (e.g. defective lighting, hydraulic leaks): <strong>\u20ac65\u2013120\/hour<\/strong><\/li>\n  <li>Diagnostic equipment \/ software usage: <strong>\u20ac20\u201350 flat rate<\/strong><\/li>\n<\/ul><\/p>\n\n\n\n<hr class=\"wp-block-separator alignfull has-text-color has-ast-global-color-2-color has-alpha-channel-opacity has-ast-global-color-2-background-color has-background is-style-wide\"\/>\n\n\n\n<p style=\"font-size:20px\" class=\"translation-block\"><p><strong>Flat rates<\/strong> (for multiple machines on a single construction site)<\/p><\/p>\n\n\n\n<figure style=\"font-size:20px\" class=\"wp-block-table\"><table class=\"has-fixed-layout\"><tbody><tr><td class=\"has-text-align-center\" data-align=\"center\"><strong>Number of machines<\/strong>\u00a0<\/td><td class=\"has-text-align-center\" data-align=\"center\"><strong>Flat rate per device<\/strong>\u00a0<\/td><\/tr><tr><td class=\"has-text-align-center\" data-align=\"center\">1\u20133 devices\u00a0<\/td><td class=\"has-text-align-center\" data-align=\"center\">full price\u00a0<\/td><\/tr><tr><td class=\"has-text-align-center\" data-align=\"center\">4\u201310 devices\u00a0<\/td><td class=\"has-text-align-center\" data-align=\"center\">\u201310% to \u201320%\u00a0<\/td><\/tr><tr><td class=\"has-text-align-center\" data-align=\"center\">&gt; 10 devices\u00a0<\/td><td class=\"has-text-align-center\" data-align=\"center\">custom package price\u00a0<\/td><\/tr><\/tbody><\/table><\/figure>\n\n\n\n<div class=\"wp-block-columns is-layout-flex wp-container-core-columns-is-layout-28f84493 wp-block-columns-is-layout-flex\">\n<div class=\"wp-block-column is-layout-flow wp-block-column-is-layout-flow\">\n<h3 class=\"wp-block-heading\" style=\"font-size:26px\"><strong>AM-VO Exam\u00a0<\/strong><\/h3>\n\n\n\n<p style=\"font-size:20px\" class=\"translation-block\"><ul>\n  <li>Mini excavators \/ small machinery: <strong>\u20ac150<\/strong><\/li>\n  <li>Standard equipment (5\u201320 t): <strong>\u20ac180<\/strong><\/li>\n  <li>Large equipment \/ tunnel machinery: <strong>\u20ac250\u2013320<\/strong><\/li>\n<\/ul><\/p>\n<\/div>\n\n\n\n<div class=\"wp-block-column is-layout-flow wp-block-column-is-layout-flow\">\n<h3 class=\"wp-block-heading\" style=\"font-size:26px\"><strong>Additional Services<\/strong><\/h3>\n\n\n\n<p style=\"font-size:20px\" class=\"translation-block\"><ul>\n  <li>Inspection label: <strong>\u20ac8<\/strong><\/li>\n  <li>Documentation: <strong>\u20ac15<\/strong><\/li>\n  <li>Repairs: <strong>\u20ac100\/hour<\/strong><\/li>\n<\/ul><\/p>\n<\/div>\n<\/div>","protected":false},"excerpt":{"rendered":"<p>Preissliste AMVO \u00dcberpr\u00fcfungen Die Preisgestaltung richtet sich nach Art, Umfang und Aufwand der jeweiligen Pr\u00fcfung.Gerne erstellen wir Ihnen ein ma\u00dfgeschneidertes [&hellip;]<\/p>\n","protected":false},"author":1,"featured_media":0,"parent":0,"menu_order":0,"comment_status":"closed","ping_status":"closed","template":"","meta":{"_uag_custom_page_level_css":"","site-sidebar-layout":"default","site-content-layout":"","ast-site-content-layout":"default","site-content-style":"default","site-sidebar-style":"default","ast-global-header-display":"","ast-banner-title-visibility":"","ast-main-header-display":"","ast-hfb-above-header-display":"","ast-hfb-below-header-display":"","ast-hfb-mobile-header-display":"","site-post-title":"disabled","ast-breadcrumbs-content":"","ast-featured-img":"","footer-sml-layout":"","ast-disable-related-posts":"","theme-transparent-header-meta":"","adv-header-id-meta":"","stick-header-meta":"","header-above-stick-meta":"","header-main-stick-meta":"","header-below-stick-meta":"","astra-migrate-meta-layouts":"default","ast-page-background-enabled":"default","ast-page-background-meta":{"desktop":{"background-color":"var(--ast-global-color-5)","background-image":"","background-repeat":"repeat","background-position":"center center","background-size":"auto","background-attachment":"scroll","background-type":"","background-media":"","overlay-type":"","overlay-color":"","overlay-opacity":"","overlay-gradient":""},"tablet":{"background-color":"","background-image":"","background-repeat":"repeat","background-position":"center center","background-size":"auto","background-attachment":"scroll","background-type":"","background-media":"","overlay-type":"","overlay-color":"","overlay-opacity":"","overlay-gradient":""},"mobile":{"background-color":"","background-image":"","background-repeat":"repeat","background-position":"center center","background-size":"auto","background-attachment":"scroll","background-type":"","background-media":"","overlay-type":"","overlay-color":"","overlay-opacity":"","overlay-gradient":""}},"ast-content-background-meta":{"desktop":{"background-color":"var(--ast-global-color-4)","background-image":"","background-repeat":"repeat","background-position":"center center","background-size":"auto","background-attachment":"scroll","background-type":"","background-media":"","overlay-type":"","overlay-color":"","overlay-opacity":"","overlay-gradient":""},"tablet":{"background-color":"var(--ast-global-color-4)","background-image":"","background-repeat":"repeat","background-position":"center center","background-size":"auto","background-attachment":"scroll","background-type":"","background-media":"","overlay-type":"","overlay-color":"","overlay-opacity":"","overlay-gradient":""},"mobile":{"background-color":"var(--ast-global-color-4)","background-image":"","background-repeat":"repeat","background-position":"center center","background-size":"auto","background-attachment":"scroll","background-type":"","background-media":"","overlay-type":"","overlay-color":"","overlay-opacity":"","overlay-gradient":""}},"footnotes":""},"class_list":["post-1413","page","type-page","status-publish","hentry"],"uagb_featured_image_src":{"full":false,"thumbnail":false,"medium":false,"medium_large":false,"large":false,"1536x1536":false,"2048x2048":false,"trp-custom-language-flag":false},"uagb_author_info":{"display_name":"rapatech-admin","author_link":"https:\/\/rapa-tech.com\/en\/author\/rapatech-admin\/"},"uagb_comment_info":0,"uagb_excerpt":"Preissliste AMVO \u00dcberpr\u00fcfungen Die Preisgestaltung richtet sich nach Art, Umfang und Aufwand der jeweiligen Pr\u00fcfung.Gerne erstellen wir Ihnen ein ma\u00dfgeschneidertes [&hellip;]","_links":{"self":[{"href":"https:\/\/rapa-tech.com\/en\/wp-json\/wp\/v2\/pages\/1413","targetHints":{"allow":["GET"]}}],"collection":[{"href":"https:\/\/rapa-tech.com\/en\/wp-json\/wp\/v2\/pages"}],"about":[{"href":"https:\/\/rapa-tech.com\/en\/wp-json\/wp\/v2\/types\/page"}],"author":[{"embeddable":true,"href":"https:\/\/rapa-tech.com\/en\/wp-json\/wp\/v2\/users\/1"}],"replies":[{"embeddable":true,"href":"https:\/\/rapa-tech.com\/en\/wp-json\/wp\/v2\/comments?post=1413"}],"version-history":[{"count":3,"href":"https:\/\/rapa-tech.com\/en\/wp-json\/wp\/v2\/pages\/1413\/revisions"}],"predecessor-version":[{"id":1416,"href":"https:\/\/rapa-tech.com\/en\/wp-json\/wp\/v2\/pages\/1413\/revisions\/1416"}],"wp:attachment":[{"href":"https:\/\/rapa-tech.com\/en\/wp-json\/wp\/v2\/media?parent=1413"}],"curies":[{"name":"wp","href":"https:\/\/api.w.org\/{rel}","templated":true}]}}