{"id":1459,"date":"2026-04-06T16:31:35","date_gmt":"2026-04-06T14:31:35","guid":{"rendered":"https:\/\/rapa-tech.com\/?page_id=1459"},"modified":"2026-04-06T19:56:26","modified_gmt":"2026-04-06T17:56:26","slug":"update-ersatzteile","status":"publish","type":"page","link":"https:\/\/rapa-tech.com\/en\/update-ersatzteile\/","title":{"rendered":"Update Ersatzteile"},"content":{"rendered":"<figure class=\"wp-block-image aligncenter size-large is-resized\"><img fetchpriority=\"high\" decoding=\"async\" width=\"1024\" height=\"1024\" src=\"https:\/\/rapa-tech.com\/wp-content\/uploads\/2026\/01\/schraubenschluessel-neu-1024x1024.png\" alt=\"\" class=\"wp-image-49\" style=\"width:127px;height:auto\" srcset=\"https:\/\/rapa-tech.com\/wp-content\/uploads\/2026\/01\/schraubenschluessel-neu-1024x1024.png 1024w, https:\/\/rapa-tech.com\/wp-content\/uploads\/2026\/01\/schraubenschluessel-neu-300x300.png 300w, https:\/\/rapa-tech.com\/wp-content\/uploads\/2026\/01\/schraubenschluessel-neu-150x150.png 150w, https:\/\/rapa-tech.com\/wp-content\/uploads\/2026\/01\/schraubenschluessel-neu-768x768.png 768w, https:\/\/rapa-tech.com\/wp-content\/uploads\/2026\/01\/schraubenschluessel-neu-1536x1536.png 1536w, https:\/\/rapa-tech.com\/wp-content\/uploads\/2026\/01\/schraubenschluessel-neu-2048x2048.png 2048w\" sizes=\"(max-width: 1024px) 100vw, 1024px\" \/><\/figure>\n\n\n\n<h2 class=\"wp-block-heading has-text-align-center\"><strong>Ersatzteile aller Art<\/strong><\/h2>\n\n\n\n<p class=\"has-text-align-center translation-block\" style=\"font-size:20px\">\u2013 Replacement parts for construction, automotive, and industrial applications<br>\u2013 Parts and replacement parts of all kinds<br>\u2013 For machinery, equipment, and vehicles<\/p>\n\n\n\n<figure class=\"wp-block-image aligncenter size-large is-resized\"><img decoding=\"async\" width=\"1024\" height=\"724\" src=\"https:\/\/rapa-tech.com\/wp-content\/uploads\/2026\/03\/Design-ohne-Titel-1-1024x724.png\" alt=\"\" class=\"wp-image-332\" style=\"width:685px;height:auto\" srcset=\"https:\/\/rapa-tech.com\/wp-content\/uploads\/2026\/03\/Design-ohne-Titel-1-1024x724.png 1024w, https:\/\/rapa-tech.com\/wp-content\/uploads\/2026\/03\/Design-ohne-Titel-1-300x212.png 300w, https:\/\/rapa-tech.com\/wp-content\/uploads\/2026\/03\/Design-ohne-Titel-1-768x543.png 768w, https:\/\/rapa-tech.com\/wp-content\/uploads\/2026\/03\/Design-ohne-Titel-1-1536x1086.png 1536w, https:\/\/rapa-tech.com\/wp-content\/uploads\/2026\/03\/Design-ohne-Titel-1-2048x1448.png 2048w\" sizes=\"(max-width: 1024px) 100vw, 1024px\" \/><\/figure>\n\n\n\n<hr class=\"wp-block-separator alignfull has-text-color has-ast-global-color-0-color has-alpha-channel-opacity has-ast-global-color-0-background-color has-background is-style-wide\" style=\"margin-top:var(--wp--preset--spacing--20);margin-bottom:var(--wp--preset--spacing--20)\"\/>\n\n\n\n<div style=\"height:84px\" aria-hidden=\"true\" class=\"wp-block-spacer\"><\/div>","protected":false},"excerpt":{"rendered":"<p>Ersatzteile aller Art &#8211; Ersatzteile f\u00fcr Bau, KFZ und Industrie&#8211; Parts &amp; Ersatzteile aller Art&#8211; F\u00fcr Maschinen, Ger\u00e4te und Fahrzeuge<\/p>","protected":false},"author":1,"featured_media":0,"parent":0,"menu_order":0,"comment_status":"closed","ping_status":"closed","template":"","meta":{"_uag_custom_page_level_css":"","site-sidebar-layout":"default","site-content-layout":"","ast-site-content-layout":"default","site-content-style":"default","site-sidebar-style":"default","ast-global-header-display":"","ast-banner-title-visibility":"","ast-main-header-display":"","ast-hfb-above-header-display":"","ast-hfb-below-header-display":"","ast-hfb-mobile-header-display":"","site-post-title":"disabled","ast-breadcrumbs-content":"","ast-featured-img":"","footer-sml-layout":"","ast-disable-related-posts":"","theme-transparent-header-meta":"","adv-header-id-meta":"","stick-header-meta":"","header-above-stick-meta":"","header-main-stick-meta":"","header-below-stick-meta":"","astra-migrate-meta-layouts":"default","ast-page-background-enabled":"default","ast-page-background-meta":{"desktop":{"background-color":"var(--ast-global-color-5)","background-image":"","background-repeat":"repeat","background-position":"center center","background-size":"auto","background-attachment":"scroll","background-type":"","background-media":"","overlay-type":"","overlay-color":"","overlay-opacity":"","overlay-gradient":""},"tablet":{"background-color":"","background-image":"","background-repeat":"repeat","background-position":"center center","background-size":"auto","background-attachment":"scroll","background-type":"","background-media":"","overlay-type":"","overlay-color":"","overlay-opacity":"","overlay-gradient":""},"mobile":{"background-color":"","background-image":"","background-repeat":"repeat","background-position":"center center","background-size":"auto","background-attachment":"scroll","background-type":"","background-media":"","overlay-type":"","overlay-color":"","overlay-opacity":"","overlay-gradient":""}},"ast-content-background-meta":{"desktop":{"background-color":"var(--ast-global-color-4)","background-image":"","background-repeat":"repeat","background-position":"center center","background-size":"auto","background-attachment":"scroll","background-type":"","background-media":"","overlay-type":"","overlay-color":"","overlay-opacity":"","overlay-gradient":""},"tablet":{"background-color":"var(--ast-global-color-4)","background-image":"","background-repeat":"repeat","background-position":"center center","background-size":"auto","background-attachment":"scroll","background-type":"","background-media":"","overlay-type":"","overlay-color":"","overlay-opacity":"","overlay-gradient":""},"mobile":{"background-color":"var(--ast-global-color-4)","background-image":"","background-repeat":"repeat","background-position":"center center","background-size":"auto","background-attachment":"scroll","background-type":"","background-media":"","overlay-type":"","overlay-color":"","overlay-opacity":"","overlay-gradient":""}},"footnotes":""},"class_list":["post-1459","page","type-page","status-publish","hentry"],"uagb_featured_image_src":{"full":false,"thumbnail":false,"medium":false,"medium_large":false,"large":false,"1536x1536":false,"2048x2048":false,"trp-custom-language-flag":false},"uagb_author_info":{"display_name":"rapatech-admin","author_link":"https:\/\/rapa-tech.com\/en\/author\/rapatech-admin\/"},"uagb_comment_info":0,"uagb_excerpt":"Ersatzteile aller Art &#8211; Ersatzteile f\u00fcr Bau, KFZ und Industrie&#8211; Parts &amp; Ersatzteile aller Art&#8211; F\u00fcr Maschinen, Ger\u00e4te und Fahrzeuge","_links":{"self":[{"href":"https:\/\/rapa-tech.com\/en\/wp-json\/wp\/v2\/pages\/1459","targetHints":{"allow":["GET"]}}],"collection":[{"href":"https:\/\/rapa-tech.com\/en\/wp-json\/wp\/v2\/pages"}],"about":[{"href":"https:\/\/rapa-tech.com\/en\/wp-json\/wp\/v2\/types\/page"}],"author":[{"embeddable":true,"href":"https:\/\/rapa-tech.com\/en\/wp-json\/wp\/v2\/users\/1"}],"replies":[{"embeddable":true,"href":"https:\/\/rapa-tech.com\/en\/wp-json\/wp\/v2\/comments?post=1459"}],"version-history":[{"count":2,"href":"https:\/\/rapa-tech.com\/en\/wp-json\/wp\/v2\/pages\/1459\/revisions"}],"predecessor-version":[{"id":1471,"href":"https:\/\/rapa-tech.com\/en\/wp-json\/wp\/v2\/pages\/1459\/revisions\/1471"}],"wp:attachment":[{"href":"https:\/\/rapa-tech.com\/en\/wp-json\/wp\/v2\/media?parent=1459"}],"curies":[{"name":"wp","href":"https:\/\/api.w.org\/{rel}","templated":true}]}}